{"id":7815,"date":"2015-01-20T00:56:50","date_gmt":"2015-01-20T00:56:50","guid":{"rendered":"http:\/\/www.kedrosvillas.gr\/reach-naxos-2\/"},"modified":"2025-11-10T18:37:25","modified_gmt":"2025-11-10T18:37:25","slug":"naxos-come-arrivare","status":"publish","type":"page","link":"https:\/\/www.kedrosvillas.gr\/it\/naxos-come-arrivare\/","title":{"rendered":"COME ARRIVARE A NAXOS"},"content":{"rendered":"<p><iframe loading=\"lazy\" src=\"https:\/\/www.ferryscanner.com\/it\/affiliates\/ferry?ref=zdy2mzi&amp;utm_source=zdy2mzi&amp;utm_campaign=Ferryscanner+Affiliate+Program+IT&amp;outline=1\" width=\"100%\" height=\"310\" frameborder=\"0\" scrolling=\"no\"><\/iframe><\/p>\n<p><b>Come arrivare a Naxos<\/b><\/p>\n<div>\n<p><b>In nave: <\/b>esistono molti collegamenti su Naxos dal porto del Pireo e dalle isole vicine. Il tempo di percorrenza dal porto del Pireo \u00e8 di circa 3,5 ore con la nave veloce (High speed), e di circa 5,5 ore con la nave normale. Naxos \u00e8 collegata a: Paros, Santorini, Mykonos, Piccole Cicladi (Donoussa, Irakli\u00e0, Pano Koufonissi, Skinoussa), Amorg\u00f2s, Ios, S\u00eckinos, Fol\u00e8gandros, Siros, Tinos, Milos, Astipalea.<\/p>\n<p>Per prenotare i vostri biglietti navali online:<br \/>\n<a href=\"https:\/\/www.bluestarferries.com\/en-gb\" target=\"_blank\" rel=\"noopener\">Blue Star Ferries<\/a><br \/>\n<a href=\"https:\/\/www.hellenicseaways.gr\/en-gb\" target=\"_blank\" rel=\"noopener\">Hellenic Seaways<\/a><br \/>\n<a href=\"https:\/\/www.seajets.gr\/it\/\" target=\"_blank\" rel=\"noopener\">Sea Jets<\/a><br \/>\n<a href=\"https:\/\/fastferries.com.gr\/en\/\" target=\"_blank\" rel=\"noopener\">Fast Ferries<\/a><br \/>\n<a href=\"https:\/\/goldenstarferries.gr\/en\/\" target=\"_blank\" rel=\"noopener\">Golden Star Ferries<\/a><br \/>\n<a href=\"https:\/\/www.minoan.gr\/it\" target=\"_blank\" rel=\"noopener\">Minoan Lines<\/a><br \/>\n<a href=\"https:\/\/saos.gr\/en\/\" target=\"_blank\" rel=\"noopener\">Saos Ferries<\/a><br \/>\n<a href=\"http:\/\/www.smallcycladeslines.gr\/en\/about-english\/\" target=\"_blank\" rel=\"noopener\">Small Cyclades Lines<\/a><br \/>\n<a href=\"https:\/\/www.ferryscanner.com\/en\/ferry\/?ref=zdy2mzi&amp;utm_source=maroulakondyli&amp;utm_campaign=Ferryscanner+affiliate+program+EN\" target=\"_blank\" rel=\"noopener\">FerryScanner.com<\/a><br \/>\n<a href=\"https:\/\/www.bookferry.gr\/en\/greek-ferries\/\" target=\"_blank\" rel=\"noopener\">BookFerry.gr<\/a><\/p>\n<p><a href=\"https:\/\/www.aia.gr\/en\/traveller\/transportation-airport\" target=\"_blank\" rel=\"noopener\">Accesso all&#8217;Aeroporto Internazionale di Atene &#8220;Elefterios Venizelos&#8221; (ATH)<\/a><\/p>\n<\/div>\n<p><b>Collegamenti aerei:\u00a0<\/b>l\u2019isola di Naxos \u00e8 collegata con l\u2019aereoporto di Atene &#8220;Elefterio Venizelos&#8221; (il tempo di percorrenza \u00e8 di circa 40 min) e Salonicco dalle compagne di bandiera &#8220;Aegean Air&#8221; (&#8220;Olympic Air&#8221;) e &#8220;Sky Express&#8221;. Per prenotare i vostri biglietti aerei online: <a href=\"https:\/\/it.aegeanair.com\/\" target=\"_blank\" rel=\"noopener\">Aegean Air<\/a>\u00a0e\u00a0<a href=\"https:\/\/www.skyexpress.gr\/it\" target=\"_blank\" rel=\"noopener\">Sky Express<\/a>.<br \/>\n<a href=\"http:\/\/www.aia.gr\/\" target=\"_blank\" rel=\"noopener\">Aeroporto Internazionale di Atene &#8220;Elefterios Venizelos&#8221; (ATH)<\/a><br \/>\n<a href=\"https:\/\/www.skg-airport.gr\" target=\"_blank\" rel=\"noopener\">Aeroporto Internazionale di Salonicco <\/a><a href=\"https:\/\/www.aia.gr\/en\/traveller\/transportation-airport\" target=\"_blank\" rel=\"noopener\">&#8220;Makedonia&#8221;<\/a><a href=\"https:\/\/www.skg-airport.gr\" target=\"_blank\" rel=\"noopener\"> (SKG)<\/a><br \/>\n<a href=\"https:\/\/www.naxos-airport.com\/\" target=\"_blank\" rel=\"noopener\">Aeroporto di Naxos (JNX)<\/a> tel. +302285023969<br \/>\nChiosco dell&#8217;Aegean Air all&#8217;Aeroporto di Naxos tel. +302285026402<br \/>\nChiosco di Sky Express all&#8217;Aeroporto di Naxos tel. +302285023387<\/p>\n<div class=\"wp-superlike wp-superlike-align-after wp-superlike-small  \" data-id=\"7815\">\r\n\t\t\t\t\t\t\t\t<div class=\"wp-superlike-button\"><i><\/i><span>Like!<\/span><\/div>\r\n\t\t\t\t\t\t\t\t<div class=\"wp-superlike-bubble\">\r\n\t\t\t\t\t\t\t\t\t<span class=\"wp-superlike-arrow\"><\/span>\r\n\t\t\t\t\t\t\t\t\t<span class=\"wp-superlike-count\">1<\/span>\r\n\t\t\t\t\t\t\t\t<\/div><\/div><div class=\"wp-superlike-clearfix\"><\/div>","protected":false},"excerpt":{"rendered":"<p>Come arrivare a Naxos In nave: esistono molti collegamenti su Naxos dal porto del Pireo e dalle isole vicine. Il tempo di percorrenza dal porto del Pireo \u00e8 di circa 3,5 ore con la nave veloce (High speed), e di circa 5,5&#46;&#46;&#46; <a href=\"https:\/\/www.kedrosvillas.gr\/it\/naxos-come-arrivare\/\" class=\"more\">(more)<\/a><\/p>\n","protected":false},"author":1,"featured_media":0,"parent":0,"menu_order":32,"comment_status":"closed","ping_status":"closed","template":"template-page.php","meta":{"_links_to":"","_links_to_type":0},"_links":{"self":[{"href":"https:\/\/www.kedrosvillas.gr\/it\/wp-json\/wp\/v2\/pages\/7815"}],"collection":[{"href":"https:\/\/www.kedrosvillas.gr\/it\/wp-json\/wp\/v2\/pages"}],"about":[{"href":"https:\/\/www.kedrosvillas.gr\/it\/wp-json\/wp\/v2\/types\/page"}],"author":[{"embeddable":true,"href":"https:\/\/www.kedrosvillas.gr\/it\/wp-json\/wp\/v2\/users\/1"}],"replies":[{"embeddable":true,"href":"https:\/\/www.kedrosvillas.gr\/it\/wp-json\/wp\/v2\/comments?post=7815"}],"version-history":[{"count":36,"href":"https:\/\/www.kedrosvillas.gr\/it\/wp-json\/wp\/v2\/pages\/7815\/revisions"}],"predecessor-version":[{"id":9850,"href":"https:\/\/www.kedrosvillas.gr\/it\/wp-json\/wp\/v2\/pages\/7815\/revisions\/9850"}],"wp:attachment":[{"href":"https:\/\/www.kedrosvillas.gr\/it\/wp-json\/wp\/v2\/media?parent=7815"}],"curies":[{"name":"wp","href":"https:\/\/api.w.org\/{rel}","templated":true}]}}