{"id":5811,"date":"2013-07-26T17:59:33","date_gmt":"2013-07-26T17:59:33","guid":{"rendered":"http:\/\/142.4.9.181\/~kedros\/our-villa-2\/"},"modified":"2025-01-14T17:22:03","modified_gmt":"2025-01-14T17:22:03","slug":"our-villa","status":"publish","type":"page","link":"https:\/\/www.kedrosvillas.gr\/it\/","title":{"rendered":"VILLETTE E SUITE INDIPENDENTI CON SERVIZI COMPLETI A NAXOS|PISCINA 200 MQ"},"content":{"rendered":"<p><strong><a href=\"https:\/\/news.kedrosvillas.gr\/activities-naxos\/\" target=\"_blank\" rel=\"noopener\">Tutte le attivit\u00e0 a Naxos<\/a><\/strong><\/p>\n<p style=\"text-align: left;\">Il <strong>Kedros* Villas<\/strong> si trova nella localit\u00e0 di Stellida ed \u00e8 situato alle pendici di una bassa collina incastonata tra due spiagge, la spiaggia di <strong>Stellida (&#8216;Laguna&#8217;)<\/strong> a nord, ideale per il windsurf (circa 550 m. dall\u2019hotel) e quella di <strong>Aghios Prokopios<\/strong> a sud (circa 1,2 km.) meravigliosa spiaggia di sabbia bianca e acque cristalline.<\/p>\n<p>L\u2019hotel si compone di <strong>dodici case vacanza<\/strong> con cucine completamente attrezzate e <strong>quattro suite<\/strong> con vasca idromassaggio all&#8217;aperto o piscina privata. Le case sono immerse nel verde e disposte ad anfiteatro con vista panoramica sul mare e sulla citt\u00e0 di Chora, in una tenuta di 18.000 m\u00b2, ricca di rari cedri e rocce granitiche.<\/p>\n<p>L\u2019orientamento delle villette \u00e8 tale da offrire un clima fresco durante l\u2019estate e temperatura mite durante l\u2019inverno. Per la costruzione e decorazione del nostro Hotel, sono stati impiegati materiali naturali, i pavimenti sono in marmo bianco di Naxos o in legno di rovere, le vernici usate sono ecologiche e tutti gli arredamenti sono in legno. Gli spazi interni combinano comodit\u00e0, semplicit\u00e0 e buon gusto.<\/p>\n<p>Gli ambienti sono stati progettati per offrire una permanenza comoda e rilassante:<br \/>\nLe zone giorno dispongono di grandi divani che creano un atmosfera rilassante.<br \/>\nLe cucine sono equipaggiate di tutti gli elettrodomestici. Un tavolo da pranzo all\u2019interno ed uno all\u2019esterno situato sotto pergole, verande o all\u2019ombra degli alberi.<br \/>\nLe stanze da letto dispongono di materassi in lattice e cocco per offrirvi un sano riposo.<br \/>\nAlcuni bagni sono in marmo e dispongono di vasca da bagno oppure doccia.<\/p>\n<p>Con il Kedros Villas abbiamo reso realt\u00e0 l\u2019idea di un luogo che, valorizzando il paesaggio naturale e armonizzando con la natura l\u2019impianto architettonico, possa offrire quiete, comodit\u00e0, contatto con la natura e una permanenza piacevole in un\u2019atmosfera amichevole.<\/p>\n<p>*K\u00e8dros = cedro (<em>Juniperus Oxycedrus<\/em>)<\/p>\n<p>\n<!-- Sojern Tag v6_js, Pixel Version: 1 -->\r\n<script>\r\n(function () {\r\n\r\nvar params = {};\r\n\r\n\/* Please do not modify the below code. *\/\r\nvar cid = [];\r\nvar paramsArr = [];\r\nvar cidParams = [];\r\nvar pl = document.createElement('script');\r\nvar defaultParams = {\"vid\":\"hot\"};\r\nfor(key in defaultParams) { params[key] = defaultParams[key]; };\r\nfor(key in cidParams) { cid.push(params[cidParams[key]]); };\r\nparams.cid = cid.join('|');\r\nfor(key in params) { paramsArr.push(key + '=' + encodeURIComponent(params[key])) };\r\npl.type = 'text\/javascript';\r\npl.async = true;\r\npl.src = 'https:\/\/beacon.sojern.com\/pixel\/p\/299516?f_v=v6_js&p_v=1&' + paramsArr.join('&');\r\n(document.getElementsByTagName('head')[0] || document.getElementsByTagName('body')[0]).appendChild(pl);\r\n})();\r\n<\/script>\r\n<!-- End Sojern Tag -->\n<\/p>\n<div class=\"wp-superlike wp-superlike-align-after wp-superlike-small  \" data-id=\"5811\">\r\n\t\t\t\t\t\t\t\t<div class=\"wp-superlike-button\"><i><\/i><span>Like!<\/span><\/div>\r\n\t\t\t\t\t\t\t\t<div class=\"wp-superlike-bubble\">\r\n\t\t\t\t\t\t\t\t\t<span class=\"wp-superlike-arrow\"><\/span>\r\n\t\t\t\t\t\t\t\t\t<span class=\"wp-superlike-count\">9<\/span>\r\n\t\t\t\t\t\t\t\t<\/div><\/div><div class=\"wp-superlike-clearfix\"><\/div>","protected":false},"excerpt":{"rendered":"<p>Tutte le attivit\u00e0 a Naxos Il Kedros* Villas si trova nella localit\u00e0 di Stellida ed \u00e8 situato alle pendici di una bassa collina incastonata tra due spiagge, la spiaggia di Stellida (&#8216;Laguna&#8217;) a nord, ideale per il windsurf (circa 550 m. dall\u2019hotel)&#46;&#46;&#46; <a href=\"https:\/\/www.kedrosvillas.gr\/it\/\" class=\"more\">(more)<\/a><\/p>\n","protected":false},"author":1,"featured_media":0,"parent":0,"menu_order":47,"comment_status":"closed","ping_status":"closed","template":"","meta":{"_links_to":"","_links_to_type":0},"_links":{"self":[{"href":"https:\/\/www.kedrosvillas.gr\/it\/wp-json\/wp\/v2\/pages\/5811"}],"collection":[{"href":"https:\/\/www.kedrosvillas.gr\/it\/wp-json\/wp\/v2\/pages"}],"about":[{"href":"https:\/\/www.kedrosvillas.gr\/it\/wp-json\/wp\/v2\/types\/page"}],"author":[{"embeddable":true,"href":"https:\/\/www.kedrosvillas.gr\/it\/wp-json\/wp\/v2\/users\/1"}],"replies":[{"embeddable":true,"href":"https:\/\/www.kedrosvillas.gr\/it\/wp-json\/wp\/v2\/comments?post=5811"}],"version-history":[{"count":32,"href":"https:\/\/www.kedrosvillas.gr\/it\/wp-json\/wp\/v2\/pages\/5811\/revisions"}],"predecessor-version":[{"id":31081,"href":"https:\/\/www.kedrosvillas.gr\/it\/wp-json\/wp\/v2\/pages\/5811\/revisions\/31081"}],"wp:attachment":[{"href":"https:\/\/www.kedrosvillas.gr\/it\/wp-json\/wp\/v2\/media?parent=5811"}],"curies":[{"name":"wp","href":"https:\/\/api.w.org\/{rel}","templated":true}]}}