{"id":7817,"date":"2015-01-20T00:57:13","date_gmt":"2015-01-20T00:57:13","guid":{"rendered":"http:\/\/www.kedrosvillas.gr\/reach-kedros-villas-2\/"},"modified":"2025-05-27T11:02:01","modified_gmt":"2025-05-27T11:02:01","slug":"comment-se-rendre-a-kedros-villas","status":"publish","type":"page","link":"https:\/\/www.kedrosvillas.gr\/fr\/comment-se-rendre-a-kedros-villas\/","title":{"rendered":"COMMENT SE RENDRE \u00c0 KEDROS VILLAS"},"content":{"rendered":"<p><iframe loading=\"lazy\" src=\"https:\/\/www.ferryscanner.com\/fr\/affiliates\/ferry?ref=zdy2mzi&amp;utm_source=zdy2mzi&amp;utm_campaign=Ferryscanner+Affiliate+Program+FR\" width=\"100%\" height=\"310\" frameborder=\"0\" scrolling=\"no\"><\/iframe><\/p>\n<p><b>Comment se rendre \u00e0 Kedros Villas<\/b><\/p>\n<p><b>En voiture<\/b><\/p>\n<p><b>Du port:<\/b>\u00a0suivez les panneaux de signalisation vers \u00abAgios Prokopios\u00bb. Au croisement o\u00f9 la route va vers Stelida, tournez \u00e0 gauche vers Agios Prokopios. Kedros Villas se trouve \u00e0 550 m.<\/p>\n<p><b>De l\u2019a\u00e9roport (JNX):<\/b>\u00a0en sortant de l\u2019a\u00e9roport, vous continuez la route vers la gauche. Au 1er croisement, vous tournez \u00e0 gauche en direction de Agios Prokopios et au prochain croisement, \u00e0 nouveau \u00e0 gauche vers la m\u00eame direction. Kedros Villas se trouve \u00e0 550 m.<\/p>\n<p><b>By private taxi, SUV or minibus transfer from the port or the airport (JNX)<br \/>\n<\/b><\/p>\n<p>Please contact us on <a href=\"mailto:info@kedrosvillas.gr?subject=Transfert\" target=\"_blank\" rel=\"noopener\">info@kedrosvillas.gr<\/a> and we will organise your transfer.<\/p>\n<p><b>En car \u00e0 partir du port<\/b><br \/>\nLigne 1 ou 10 direction Agios Prokopios et l&rsquo;arr\u00eat de bus en face de l&rsquo;h\u00f4tel \u00a0\u00bbNaxos Palace\u00a0\u00bb (\u00e0 120 m de l&rsquo;entr\u00e9e du Kedros Villas). Vous devrez avertir le chauffeur avant le d\u00e9part pour vous indiquer l\u2019arr\u00eat souhait\u00e9. Les billets sont vendus au bureau du KTEL, qui se trouve en face de la gare routi\u00e8re. Le prix du ticket est 2,30 euros et gratuit pour les enfants de moins de 6 ans.<br \/>\nSi vous voulez des informations sur les trajets de bus, s&rsquo;il vous pla\u00eet visitez vous <a href=\"https:\/\/naxosbuses.com\/\" target=\"_blank\" rel=\"noopener\">www.naxosbuses.com<\/a><br \/>\nBureau KTEL Naxos: t\u00e9l. +302285022291.<\/p>\n<div class=\"wp-superlike wp-superlike-align-after wp-superlike-small  \" data-id=\"7817\">\r\n\t\t\t\t\t\t\t\t<div class=\"wp-superlike-button\"><i><\/i><span>Like!<\/span><\/div>\r\n\t\t\t\t\t\t\t\t<div class=\"wp-superlike-bubble\">\r\n\t\t\t\t\t\t\t\t\t<span class=\"wp-superlike-arrow\"><\/span>\r\n\t\t\t\t\t\t\t\t\t<span class=\"wp-superlike-count\">1<\/span>\r\n\t\t\t\t\t\t\t\t<\/div><\/div><div class=\"wp-superlike-clearfix\"><\/div>","protected":false},"excerpt":{"rendered":"<p>Comment se rendre \u00e0 Kedros Villas En voiture Du port:\u00a0suivez les panneaux de signalisation vers \u00abAgios Prokopios\u00bb. Au croisement o\u00f9 la route va vers Stelida, tournez \u00e0 gauche vers Agios Prokopios. Kedros Villas se trouve \u00e0 550 m. De l\u2019a\u00e9roport (JNX):\u00a0en sortant&#46;&#46;&#46; <a href=\"https:\/\/www.kedrosvillas.gr\/fr\/comment-se-rendre-a-kedros-villas\/\" class=\"more\">(more)<\/a><\/p>\n","protected":false},"author":1,"featured_media":0,"parent":0,"menu_order":26,"comment_status":"closed","ping_status":"closed","template":"template-page.php","meta":{"_links_to":"","_links_to_type":0},"_links":{"self":[{"href":"https:\/\/www.kedrosvillas.gr\/fr\/wp-json\/wp\/v2\/pages\/7817"}],"collection":[{"href":"https:\/\/www.kedrosvillas.gr\/fr\/wp-json\/wp\/v2\/pages"}],"about":[{"href":"https:\/\/www.kedrosvillas.gr\/fr\/wp-json\/wp\/v2\/types\/page"}],"author":[{"embeddable":true,"href":"https:\/\/www.kedrosvillas.gr\/fr\/wp-json\/wp\/v2\/users\/1"}],"replies":[{"embeddable":true,"href":"https:\/\/www.kedrosvillas.gr\/fr\/wp-json\/wp\/v2\/comments?post=7817"}],"version-history":[{"count":37,"href":"https:\/\/www.kedrosvillas.gr\/fr\/wp-json\/wp\/v2\/pages\/7817\/revisions"}],"predecessor-version":[{"id":34838,"href":"https:\/\/www.kedrosvillas.gr\/fr\/wp-json\/wp\/v2\/pages\/7817\/revisions\/34838"}],"wp:attachment":[{"href":"https:\/\/www.kedrosvillas.gr\/fr\/wp-json\/wp\/v2\/media?parent=7817"}],"curies":[{"name":"wp","href":"https:\/\/api.w.org\/{rel}","templated":true}]}}