{"id":7809,"date":"2015-01-20T00:56:13","date_gmt":"2015-01-20T00:56:13","guid":{"rendered":"http:\/\/www.kedrosvillas.gr\/location-distances-2\/"},"modified":"2025-11-10T17:40:11","modified_gmt":"2025-11-10T17:40:11","slug":"emplacement-distances","status":"publish","type":"page","link":"https:\/\/www.kedrosvillas.gr\/fr\/emplacement-distances\/","title":{"rendered":"EMPLACEMENT ET DISTANCES"},"content":{"rendered":"<p><iframe loading=\"lazy\" src=\"https:\/\/www.ferryscanner.com\/fr\/affiliates\/ferry?ref=zdy2mzi&amp;utm_source=zdy2mzi&amp;utm_campaign=Ferryscanner+Affiliate+Program+FR\" width=\"100%\" height=\"310\" frameborder=\"0\" scrolling=\"no\"><\/iframe><\/p>\n<p>Naxos est la plus grande \u00eele de l\u2019archipel des Cyclades avec une superficie de 435 m\u00b2 et un paysage tr\u00e8s vari\u00e9: montagnes de marbre, vall\u00e9es et plaines verdoyantes, villages pittoresques aux plages de sable fin.<\/p>\n<div id=\"right\">\n<div id=\"stcpDiv\">\n<p><strong>Distances de Kedros Villas<\/strong><\/p>\n<ul>\n<li>Port: 4,6 km<\/li>\n<li>A\u00e9roport national de Naxos (JNX): 2,2 km<\/li>\n<li>Village de Agios Prokopios: 1 km<\/li>\n<li>La ville de Naxos\/\u2019Hora\u2019 (au centre): 3,8 km<\/li>\n<li>Marina (ville de Naxos): 4,4 km<\/li>\n<\/ul>\n<p>Plage pour le planche \u00e0 voile<\/p>\n<ul>\n<li>Plage Stelida (Laguna\u2019): 550 m<\/li>\n<\/ul>\n<p>Plages pour aller se baigner<\/p>\n<ul>\n<li>Plage Agios Prokopios: 1,2 km<\/li>\n<li>Plage Agia Anna: 1,5 km<\/li>\n<li>Plage Plaka: 2,8 km<\/li>\n<\/ul>\n<p>Les plus proches services<\/p>\n<ul>\n<li>Arr\u00eat du car: 120 m<\/li>\n<li>ATM (distributeur automatique de billets): 120 m<\/li>\n<li>Aqua parc: 250 m<\/li>\n<li>Pompe \u00e0 essence: 900 m<\/li>\n<li>Super march\u00e9: 1 km<\/li>\n<li>Gym: 1 km<\/li>\n<li>Pharmacie: 1,1 km<\/li>\n<li>Restaurants, tavernes, caf\u00e9s: 1,2 km<\/li>\n<\/ul>\n<\/div>\n<\/div>\n\n<div class=\"wp-superlike wp-superlike-align-after wp-superlike-small  \" data-id=\"7809\">\r\n\t\t\t\t\t\t\t\t<div class=\"wp-superlike-button\"><i><\/i><span>Like!<\/span><\/div>\r\n\t\t\t\t\t\t\t\t<div class=\"wp-superlike-bubble\">\r\n\t\t\t\t\t\t\t\t\t<span class=\"wp-superlike-arrow\"><\/span>\r\n\t\t\t\t\t\t\t\t\t<span class=\"wp-superlike-count\">3<\/span>\r\n\t\t\t\t\t\t\t\t<\/div><\/div><div class=\"wp-superlike-clearfix\"><\/div>","protected":false},"excerpt":{"rendered":"<p>Naxos est la plus grande \u00eele de l\u2019archipel des Cyclades avec une superficie de 435 m\u00b2 et un paysage tr\u00e8s vari\u00e9: montagnes de marbre, vall\u00e9es et plaines verdoyantes, villages pittoresques aux plages de sable fin. Distances de Kedros Villas Port: 4,6 km&#46;&#46;&#46; <a href=\"https:\/\/www.kedrosvillas.gr\/fr\/emplacement-distances\/\" class=\"more\">(more)<\/a><\/p>\n","protected":false},"author":1,"featured_media":0,"parent":0,"menu_order":40,"comment_status":"closed","ping_status":"closed","template":"template-page.php","meta":{"_links_to":"","_links_to_type":0},"_links":{"self":[{"href":"https:\/\/www.kedrosvillas.gr\/fr\/wp-json\/wp\/v2\/pages\/7809"}],"collection":[{"href":"https:\/\/www.kedrosvillas.gr\/fr\/wp-json\/wp\/v2\/pages"}],"about":[{"href":"https:\/\/www.kedrosvillas.gr\/fr\/wp-json\/wp\/v2\/types\/page"}],"author":[{"embeddable":true,"href":"https:\/\/www.kedrosvillas.gr\/fr\/wp-json\/wp\/v2\/users\/1"}],"replies":[{"embeddable":true,"href":"https:\/\/www.kedrosvillas.gr\/fr\/wp-json\/wp\/v2\/comments?post=7809"}],"version-history":[{"count":14,"href":"https:\/\/www.kedrosvillas.gr\/fr\/wp-json\/wp\/v2\/pages\/7809\/revisions"}],"predecessor-version":[{"id":34855,"href":"https:\/\/www.kedrosvillas.gr\/fr\/wp-json\/wp\/v2\/pages\/7809\/revisions\/34855"}],"wp:attachment":[{"href":"https:\/\/www.kedrosvillas.gr\/fr\/wp-json\/wp\/v2\/media?parent=7809"}],"curies":[{"name":"wp","href":"https:\/\/api.w.org\/{rel}","templated":true}]}}