{"id":7776,"date":"2015-01-15T20:33:54","date_gmt":"2015-01-15T20:33:54","guid":{"rendered":"http:\/\/www.kedrosvillas.gr\/general-facilities-services-2\/"},"modified":"2026-01-03T18:04:24","modified_gmt":"2026-01-03T18:04:24","slug":"prestations-services-kedros-villas","status":"publish","type":"page","link":"https:\/\/www.kedrosvillas.gr\/fr\/prestations-services-kedros-villas\/","title":{"rendered":"PRESTATIONS &#038; SERVICES DE KEDROS VILLAS"},"content":{"rendered":"<p><strong>Prestations et services de l&rsquo;h\u00f4tel<\/strong><\/p>\n<ul>\n<li><a href=\"https:\/\/www.kedrosvillas.gr\/fr\/le-petit-dejeuner\/\">Petit-d\u00e9jeuner<\/a><\/li>\n<li>Snack-bar \u00e0 la piscine<\/li>\n<li>Service en chambre (sans frais suppl\u00e9mentaires)<\/li>\n<li>Acc\u00e8s internet par satellite gratuit (Starlink)<\/li>\n<li>Piscine 200 m\u00b2 (20m x 10m) <span id=\"result_box\" class=\"short_text\" lang=\"fr\"><span class=\"hps\">ouverte<\/span> <span class=\"hps\">du 1er Avril au<\/span> <span class=\"hps\">31<\/span> <span class=\"hps\">Octobre<\/span><\/span><\/li>\n<li>Barbecue en brique avec four<\/li>\n<li>Parking priv\u00e9<\/li>\n<li>Concierge<\/li>\n<li>Possibilit\u00e9 de check-in matinal et check-out tardif (sur demande, selon la disponibilit\u00e9)<\/li>\n<li>Service pressing<\/li>\n<\/ul>\n<p><strong>R\u00e9ception \/ Concierge<\/strong><\/p>\n<ul>\n<li>Location de v\u00e9hicule<\/li>\n<li>Service de bagagerie<\/li>\n<li>Espace internet<\/li>\n<li>Services impression, copie, scan et fax<\/li>\n<li>\u00c9change de livres<\/li>\n<li>Informations sur les horaires des ferries et des vols, r\u00e9servations de taxi et de transfert en minibus<\/li>\n<li>Informations sur <a href=\"https:\/\/news.kedrosvillas.gr\/activities-naxos\/\" target=\"_blank\" rel=\"noopener\">les activit\u00e9s disponibles sur Naxos<\/a> et le programme des \u00e9v\u00e9nements<\/li>\n<li>Service P et T<\/li>\n<li>R\u00e9veil<\/li>\n<li>M\u00e9decin<\/li>\n<li>Garde d\u2019enfants<\/li>\n<li>Coiffeur, esth\u00e9ticienne<\/li>\n<li>S\u00e9ances de massage<\/li>\n<\/ul>\n<div id=\"gtx-trans\" style=\"position: absolute; left: 41px; top: 256px;\">\n<div class=\"gtx-trans-icon\"><\/div>\n<\/div>\n<div class=\"wp-superlike wp-superlike-align-after wp-superlike-small  \" data-id=\"7776\">\r\n\t\t\t\t\t\t\t\t<div class=\"wp-superlike-button\"><i><\/i><span>Like!<\/span><\/div>\r\n\t\t\t\t\t\t\t\t<div class=\"wp-superlike-bubble\">\r\n\t\t\t\t\t\t\t\t\t<span class=\"wp-superlike-arrow\"><\/span>\r\n\t\t\t\t\t\t\t\t\t<span class=\"wp-superlike-count\">1<\/span>\r\n\t\t\t\t\t\t\t\t<\/div><\/div><div class=\"wp-superlike-clearfix\"><\/div>","protected":false},"excerpt":{"rendered":"<p>Prestations et services de l&rsquo;h\u00f4tel Petit-d\u00e9jeuner Snack-bar \u00e0 la piscine Service en chambre (sans frais suppl\u00e9mentaires) Acc\u00e8s internet par satellite gratuit (Starlink) Piscine 200 m\u00b2 (20m x 10m) ouverte du 1er Avril au 31 Octobre Barbecue en brique avec four Parking priv\u00e9&#46;&#46;&#46; <a href=\"https:\/\/www.kedrosvillas.gr\/fr\/prestations-services-kedros-villas\/\" class=\"more\">(more)<\/a><\/p>\n","protected":false},"author":2,"featured_media":0,"parent":0,"menu_order":97,"comment_status":"closed","ping_status":"closed","template":"","meta":{"_links_to":"","_links_to_type":0},"_links":{"self":[{"href":"https:\/\/www.kedrosvillas.gr\/fr\/wp-json\/wp\/v2\/pages\/7776"}],"collection":[{"href":"https:\/\/www.kedrosvillas.gr\/fr\/wp-json\/wp\/v2\/pages"}],"about":[{"href":"https:\/\/www.kedrosvillas.gr\/fr\/wp-json\/wp\/v2\/types\/page"}],"author":[{"embeddable":true,"href":"https:\/\/www.kedrosvillas.gr\/fr\/wp-json\/wp\/v2\/users\/2"}],"replies":[{"embeddable":true,"href":"https:\/\/www.kedrosvillas.gr\/fr\/wp-json\/wp\/v2\/comments?post=7776"}],"version-history":[{"count":39,"href":"https:\/\/www.kedrosvillas.gr\/fr\/wp-json\/wp\/v2\/pages\/7776\/revisions"}],"predecessor-version":[{"id":34898,"href":"https:\/\/www.kedrosvillas.gr\/fr\/wp-json\/wp\/v2\/pages\/7776\/revisions\/34898"}],"wp:attachment":[{"href":"https:\/\/www.kedrosvillas.gr\/fr\/wp-json\/wp\/v2\/media?parent=7776"}],"curies":[{"name":"wp","href":"https:\/\/api.w.org\/{rel}","templated":true}]}}