{"id":7772,"date":"2015-01-15T20:33:03","date_gmt":"2015-01-15T20:33:03","guid":{"rendered":"http:\/\/www.kedrosvillas.gr\/villas-suites-facilities-2\/"},"modified":"2026-01-02T17:33:04","modified_gmt":"2026-01-02T17:33:04","slug":"villas-suites","status":"publish","type":"page","link":"https:\/\/www.kedrosvillas.gr\/fr\/villas-suites\/","title":{"rendered":"VILLAS ET SUITES"},"content":{"rendered":"<p><strong>Prestations et services des villas et suites<\/strong><\/p>\n<ul>\n<li>M\u00e9nage quotidien<\/li>\n<li><span id=\"result_box\" class=\"\" lang=\"fr\"><span class=\"hps\">Draps luxueux et<\/span> <span class=\"hps\">serviettes en coton<\/span> <span class=\"hps\">de haute qualit\u00e9<\/span><\/span><\/li>\n<li>Serviettes piscine\/plage<\/li>\n<li>Chaussons<\/li>\n<li>S\u00e8che cheveux<\/li>\n<li>Menu d&rsquo;oreiller<\/li>\n<li>Produits de bain \u00e0 base d&rsquo;ingr\u00e9dients naturels<\/li>\n<li>Lit b\u00e9b\u00e9, barri\u00e8re de lit, chaise haute pour enfant (sur demande)<\/li>\n<li>Fer et table \u00e0 repasser (sur demande)<\/li>\n<li><b>Suites avec bain \u00e0 remous ou piscine priv\u00e9e:<\/b> smart TV satellite, peignoirs, mini frigo, machine Nespresso, bouilloire.<\/li>\n<li><b>Villas et suites avec vue sur la mer:<\/b> cuisine totalement \u00e9quip\u00e9e (four, plaques c\u00e9ramiques, r\u00e9frig\u00e9rateur, petit lave-vaisselle, cafeti\u00e8re, bouilloire, presse-agrume, grill et batterie compl\u00e8te d\u2019ustensiles de cuisine)<\/li>\n<li>Int\u00e9gralement climatis\u00e9es aux unit\u00e9s autonomes<\/li>\n<li>T\u00e9l\u00e9phone avec ligne directe<\/li>\n<li>Internet par satellite (Starlink) gratuit avec couverture WI-FI compl\u00e8te<\/li>\n<li>Coffre-fort \u00e9lectronique<\/li>\n<li>TV satellite<\/li>\n<\/ul>\n<div class=\"wp-superlike wp-superlike-align-after wp-superlike-small  \" data-id=\"7772\">\r\n\t\t\t\t\t\t\t\t<div class=\"wp-superlike-button\"><i><\/i><span>Like!<\/span><\/div>\r\n\t\t\t\t\t\t\t\t<div class=\"wp-superlike-bubble\">\r\n\t\t\t\t\t\t\t\t\t<span class=\"wp-superlike-arrow\"><\/span>\r\n\t\t\t\t\t\t\t\t\t<span class=\"wp-superlike-count\">2<\/span>\r\n\t\t\t\t\t\t\t\t<\/div><\/div><div class=\"wp-superlike-clearfix\"><\/div>","protected":false},"excerpt":{"rendered":"<p>Prestations et services des villas et suites M\u00e9nage quotidien Draps luxueux et serviettes en coton de haute qualit\u00e9 Serviettes piscine\/plage Chaussons S\u00e8che cheveux Menu d&rsquo;oreiller Produits de bain \u00e0 base d&rsquo;ingr\u00e9dients naturels Lit b\u00e9b\u00e9, barri\u00e8re de lit, chaise haute pour enfant (sur&#46;&#46;&#46; <a href=\"https:\/\/www.kedrosvillas.gr\/fr\/villas-suites\/\" class=\"more\">(more)<\/a><\/p>\n","protected":false},"author":1,"featured_media":0,"parent":0,"menu_order":100,"comment_status":"closed","ping_status":"closed","template":"","meta":{"_links_to":"","_links_to_type":0},"_links":{"self":[{"href":"https:\/\/www.kedrosvillas.gr\/fr\/wp-json\/wp\/v2\/pages\/7772"}],"collection":[{"href":"https:\/\/www.kedrosvillas.gr\/fr\/wp-json\/wp\/v2\/pages"}],"about":[{"href":"https:\/\/www.kedrosvillas.gr\/fr\/wp-json\/wp\/v2\/types\/page"}],"author":[{"embeddable":true,"href":"https:\/\/www.kedrosvillas.gr\/fr\/wp-json\/wp\/v2\/users\/1"}],"replies":[{"embeddable":true,"href":"https:\/\/www.kedrosvillas.gr\/fr\/wp-json\/wp\/v2\/comments?post=7772"}],"version-history":[{"count":22,"href":"https:\/\/www.kedrosvillas.gr\/fr\/wp-json\/wp\/v2\/pages\/7772\/revisions"}],"predecessor-version":[{"id":34887,"href":"https:\/\/www.kedrosvillas.gr\/fr\/wp-json\/wp\/v2\/pages\/7772\/revisions\/34887"}],"wp:attachment":[{"href":"https:\/\/www.kedrosvillas.gr\/fr\/wp-json\/wp\/v2\/media?parent=7772"}],"curies":[{"name":"wp","href":"https:\/\/api.w.org\/{rel}","templated":true}]}}