{"id":7753,"date":"2015-01-14T13:45:51","date_gmt":"2015-01-14T13:45:51","guid":{"rendered":"http:\/\/www.kedrosvillas.gr\/residence-2\/"},"modified":"2025-01-14T18:27:12","modified_gmt":"2025-01-14T18:27:12","slug":"villa-de-trois-chambres-naxos-grece","status":"publish","type":"page","link":"https:\/\/www.kedrosvillas.gr\/fr\/villa-de-trois-chambres-naxos-grece\/","title":{"rendered":"R\u00c9SIDENCE VUE SUR LA MER BAIN \u00c0 REMOUS EXT\u00c9RIEUR"},"content":{"rendered":"<p><a href=\"https:\/\/kedrosvillas.reserve-online.net\/?lang=FR&amp;room=LAVEND\" target=\"_blank\" rel=\"noopener\"><img decoding=\"async\" loading=\"lazy\" class=\"alignnone wp-image-7694\" src=\"http:\/\/www.kedrosvillas.gr\/wp-content\/uploads\/2016\/04\/BOOKTHISVILLA_FR.jpg\" alt=\"chck-prices-villa\" width=\"270\" height=\"36\" \/><\/a><\/p>\n<p><a href=\"https:\/\/www.kedrosvillas.gr\/fr\/villas-suites-naxos\/\" rel=\"noopener\"><strong>VISITEZ VOUS TOUS LES TYPES DE CHAMBRES<\/strong><\/a><\/p>\n<p>Sur deux niveaux avec vue imprenable. Au premier, deux chambres \u00e0 coucher, une double et une simple, salle de bain, ouvrant toutes les deux sur de grandes terrasses avec pergolas et vue magnifique sur la mer. Au rez-de-chauss\u00e9e, chambre \u00e0 coucher avec deux lits une place, salle de bain en suite, WC et cuisine-s\u00e9jour. La cuisine donne sur une cour pav\u00e9e avec pergola o\u00f9 vous pouvez vous reposer \u00e0 l\u2019ombre de grands c\u00e8dres ainsi que dans un jardin \u00e0 deux niveaux o\u00f9 il y a un bain \u00e0 remous ext\u00e9rieur priv\u00e9.<\/p>\n<p><strong>Possibilit\u00e9s d\u2019h\u00e9bergement:<\/strong> une chambre double, une chambre avec deux lits une place, une chambre simple<br \/>\n<strong>Salles de bain:<\/strong> deux salles de bain avec douche, WC<br \/>\n<strong>Capacit\u00e9:<\/strong> 5 personnes<br \/>\n<strong>Superficie:<\/strong> 75 m\u00b2<\/p>\n<p><strong>Prestations et Services<br \/>\n<\/strong><\/p>\n<ul class=\"lista\">\n<li>Bain \u00e0 remous ext\u00e9rieur priv\u00e9\u00a0dans le jardin (pour 4 personnes)<\/li>\n<li>Barri\u00e8re de lit (sur demande)<\/li>\n<li>Chaise haute pour enfant (sur demande)<\/li>\n<li>Chaussons<\/li>\n<li>Coffre-fort \u00e9lectronique<\/li>\n<li>Cuisine totalement \u00e9quip\u00e9e<\/li>\n<li>Douche<\/li>\n<li>Draps luxueux et serviettes en coton de haute qualit\u00e9<\/li>\n<li>Fer et table \u00e0 repasser (sur demande)<\/li>\n<li>Int\u00e9gralement climatis\u00e9e aux unit\u00e9s autonomes<\/li>\n<li>Internet gratuit avec couverture WI-FI compl\u00e8te<\/li>\n<li>Lit b\u00e9b\u00e9 (sur demande)<\/li>\n<li>M\u00e9nage quotidien<\/li>\n<li>Menu d\u2019oreiller<\/li>\n<li>Produits de bain KORRES<\/li>\n<li>S\u00e8che cheveux<\/li>\n<li>Serviettes piscine\/plage<\/li>\n<li>T\u00e9l\u00e9phone avec ligne directe<\/li>\n<li>TV satellite<\/li>\n<\/ul>\n\n\t\t<style type=\"text\/css\">\n\t\t\t#gallery-1 {\n\t\t\t\tmargin: auto;\n\t\t\t}\n\t\t\t#gallery-1 .gallery-item {\n\t\t\t\tfloat: left;\n\t\t\t\tmargin-top: 10px;\n\t\t\t\ttext-align: center;\n\t\t\t\twidth: 33%;\n\t\t\t}\n\t\t\t#gallery-1 img {\n\t\t\t\tborder: 2px solid #cfcfcf;\n\t\t\t}\n\t\t\t#gallery-1 .gallery-caption {\n\t\t\t\tmargin-left: 0;\n\t\t\t}\n\t\t\t\/* see gallery_shortcode() in wp-includes\/media.php *\/\n\t\t<\/style>\n\t\t<div id='gallery-1' class='gallery galleryid-7753 gallery-columns-3 gallery-size-thumbnail'><dl class='gallery-item'>\n\t\t\t<dt class='gallery-icon landscape'>\n\t\t\t\t<a href='https:\/\/www.kedrosvillas.gr\/wp-content\/uploads\/2025\/01\/20240523_112923-scaled.jpg' title=\"\" data-rl_title=\"\" class=\"rl-gallery-link\" data-rl_caption=\"\" data-rel=\"lightbox-gallery-1\"><img width=\"150\" height=\"150\" src=\"https:\/\/www.kedrosvillas.gr\/wp-content\/uploads\/2025\/01\/20240523_112923-150x150.jpg\" class=\"attachment-thumbnail size-thumbnail\" alt=\"\" decoding=\"async\" loading=\"lazy\" \/><\/a>\n\t\t\t<\/dt><\/dl><dl class='gallery-item'>\n\t\t\t<dt class='gallery-icon landscape'>\n\t\t\t\t<a href='https:\/\/www.kedrosvillas.gr\/wp-content\/uploads\/2015\/01\/residence-villas-naxos-kedros.png' title=\"\" data-rl_title=\"\" class=\"rl-gallery-link\" data-rl_caption=\"\" data-rel=\"lightbox-gallery-1\"><img width=\"150\" height=\"150\" src=\"https:\/\/www.kedrosvillas.gr\/wp-content\/uploads\/2015\/01\/residence-villas-naxos-kedros-150x150.png\" class=\"attachment-thumbnail size-thumbnail\" alt=\"\" decoding=\"async\" loading=\"lazy\" \/><\/a>\n\t\t\t<\/dt><\/dl><dl class='gallery-item'>\n\t\t\t<dt class='gallery-icon portrait'>\n\t\t\t\t<a href='https:\/\/www.kedrosvillas.gr\/wp-content\/uploads\/2024\/02\/Residence-Sea-View-scaled.jpg' title=\"\" data-rl_title=\"\" class=\"rl-gallery-link\" data-rl_caption=\"\" data-rel=\"lightbox-gallery-1\"><img width=\"150\" height=\"150\" src=\"https:\/\/www.kedrosvillas.gr\/wp-content\/uploads\/2024\/02\/Residence-Sea-View-150x150.jpg\" class=\"attachment-thumbnail size-thumbnail\" alt=\"\" decoding=\"async\" loading=\"lazy\" \/><\/a>\n\t\t\t<\/dt><\/dl><br style=\"clear: both\" \/><dl class='gallery-item'>\n\t\t\t<dt class='gallery-icon landscape'>\n\t\t\t\t<a href='https:\/\/www.kedrosvillas.gr\/wp-content\/uploads\/2015\/01\/residence-villas-naxos-kedros-3-e1670009798902.png' title=\"\" data-rl_title=\"\" class=\"rl-gallery-link\" data-rl_caption=\"\" data-rel=\"lightbox-gallery-1\"><img width=\"150\" height=\"150\" src=\"https:\/\/www.kedrosvillas.gr\/wp-content\/uploads\/2015\/01\/residence-villas-naxos-kedros-3-150x150.png\" class=\"attachment-thumbnail size-thumbnail\" alt=\"\" decoding=\"async\" loading=\"lazy\" \/><\/a>\n\t\t\t<\/dt><\/dl><dl class='gallery-item'>\n\t\t\t<dt class='gallery-icon landscape'>\n\t\t\t\t<a href='https:\/\/www.kedrosvillas.gr\/wp-content\/uploads\/2015\/01\/residence-villas-naxos-kedros-7.png' title=\"\" data-rl_title=\"\" class=\"rl-gallery-link\" data-rl_caption=\"\" data-rel=\"lightbox-gallery-1\"><img width=\"150\" height=\"150\" src=\"https:\/\/www.kedrosvillas.gr\/wp-content\/uploads\/2015\/01\/residence-villas-naxos-kedros-7-150x150.png\" class=\"attachment-thumbnail size-thumbnail\" alt=\"\" decoding=\"async\" loading=\"lazy\" \/><\/a>\n\t\t\t<\/dt><\/dl><dl class='gallery-item'>\n\t\t\t<dt class='gallery-icon portrait'>\n\t\t\t\t<a href='https:\/\/www.kedrosvillas.gr\/wp-content\/uploads\/2015\/01\/Residence-Sea-View-6.jpg' title=\"\" data-rl_title=\"\" class=\"rl-gallery-link\" data-rl_caption=\"\" data-rel=\"lightbox-gallery-1\"><img width=\"150\" height=\"150\" src=\"https:\/\/www.kedrosvillas.gr\/wp-content\/uploads\/2015\/01\/Residence-Sea-View-6-150x150.jpg\" class=\"attachment-thumbnail size-thumbnail\" alt=\"\" decoding=\"async\" loading=\"lazy\" \/><\/a>\n\t\t\t<\/dt><\/dl><br style=\"clear: both\" \/><dl class='gallery-item'>\n\t\t\t<dt class='gallery-icon portrait'>\n\t\t\t\t<a href='https:\/\/www.kedrosvillas.gr\/wp-content\/uploads\/2015\/01\/Residence-Sea-View-5.jpg' title=\"\" data-rl_title=\"\" class=\"rl-gallery-link\" data-rl_caption=\"\" data-rel=\"lightbox-gallery-1\"><img width=\"150\" height=\"150\" src=\"https:\/\/www.kedrosvillas.gr\/wp-content\/uploads\/2015\/01\/Residence-Sea-View-5-150x150.jpg\" class=\"attachment-thumbnail size-thumbnail\" alt=\"\" decoding=\"async\" loading=\"lazy\" \/><\/a>\n\t\t\t<\/dt><\/dl><dl class='gallery-item'>\n\t\t\t<dt class='gallery-icon portrait'>\n\t\t\t\t<a href='https:\/\/www.kedrosvillas.gr\/wp-content\/uploads\/2021\/03\/drz_MG_8233-scaled.jpg' title=\"\" data-rl_title=\"\" class=\"rl-gallery-link\" data-rl_caption=\"\" data-rel=\"lightbox-gallery-1\"><img width=\"150\" height=\"150\" src=\"https:\/\/www.kedrosvillas.gr\/wp-content\/uploads\/2021\/03\/drz_MG_8233-150x150.jpg\" class=\"attachment-thumbnail size-thumbnail\" alt=\"\" decoding=\"async\" loading=\"lazy\" \/><\/a>\n\t\t\t<\/dt><\/dl><dl class='gallery-item'>\n\t\t\t<dt class='gallery-icon landscape'>\n\t\t\t\t<a href='https:\/\/www.kedrosvillas.gr\/wp-content\/uploads\/2015\/01\/Residence-Sea-View-7.jpg' title=\"\" data-rl_title=\"\" class=\"rl-gallery-link\" data-rl_caption=\"\" data-rel=\"lightbox-gallery-1\"><img width=\"150\" height=\"150\" src=\"https:\/\/www.kedrosvillas.gr\/wp-content\/uploads\/2015\/01\/Residence-Sea-View-7-150x150.jpg\" class=\"attachment-thumbnail size-thumbnail\" alt=\"\" decoding=\"async\" loading=\"lazy\" \/><\/a>\n\t\t\t<\/dt><\/dl><br style=\"clear: both\" \/><dl class='gallery-item'>\n\t\t\t<dt class='gallery-icon portrait'>\n\t\t\t\t<a href='https:\/\/www.kedrosvillas.gr\/wp-content\/uploads\/2015\/01\/Residence-Sea-View-8.jpg' title=\"\" data-rl_title=\"\" class=\"rl-gallery-link\" data-rl_caption=\"\" data-rel=\"lightbox-gallery-1\"><img width=\"150\" height=\"150\" src=\"https:\/\/www.kedrosvillas.gr\/wp-content\/uploads\/2015\/01\/Residence-Sea-View-8-150x150.jpg\" class=\"attachment-thumbnail size-thumbnail\" alt=\"\" decoding=\"async\" loading=\"lazy\" \/><\/a>\n\t\t\t<\/dt><\/dl><dl class='gallery-item'>\n\t\t\t<dt class='gallery-icon portrait'>\n\t\t\t\t<a href='https:\/\/www.kedrosvillas.gr\/wp-content\/uploads\/2015\/01\/Residence-Sea-View-9.jpg' title=\"\" data-rl_title=\"\" class=\"rl-gallery-link\" data-rl_caption=\"\" data-rel=\"lightbox-gallery-1\"><img width=\"150\" height=\"150\" src=\"https:\/\/www.kedrosvillas.gr\/wp-content\/uploads\/2015\/01\/Residence-Sea-View-9-150x150.jpg\" class=\"attachment-thumbnail size-thumbnail\" alt=\"\" decoding=\"async\" loading=\"lazy\" \/><\/a>\n\t\t\t<\/dt><\/dl><dl class='gallery-item'>\n\t\t\t<dt class='gallery-icon landscape'>\n\t\t\t\t<a href='https:\/\/www.kedrosvillas.gr\/wp-content\/uploads\/2025\/01\/20240523_113253-scaled.jpg' title=\"\" data-rl_title=\"\" class=\"rl-gallery-link\" data-rl_caption=\"\" data-rel=\"lightbox-gallery-1\"><img width=\"150\" height=\"150\" src=\"https:\/\/www.kedrosvillas.gr\/wp-content\/uploads\/2025\/01\/20240523_113253-150x150.jpg\" class=\"attachment-thumbnail size-thumbnail\" alt=\"\" decoding=\"async\" loading=\"lazy\" \/><\/a>\n\t\t\t<\/dt><\/dl><br style=\"clear: both\" \/>\n\t\t<\/div>\n\n<div id=\"gtx-trans\" style=\"position: absolute; left: 724px; top: 859px;\">\n<div class=\"gtx-trans-icon\"><\/div>\n<\/div>\n<div class=\"wp-superlike wp-superlike-align-after wp-superlike-small  \" data-id=\"7753\">\r\n\t\t\t\t\t\t\t\t<div class=\"wp-superlike-button\"><i><\/i><span>Like!<\/span><\/div>\r\n\t\t\t\t\t\t\t\t<div class=\"wp-superlike-bubble\">\r\n\t\t\t\t\t\t\t\t\t<span class=\"wp-superlike-arrow\"><\/span>\r\n\t\t\t\t\t\t\t\t\t<span class=\"wp-superlike-count\">3<\/span>\r\n\t\t\t\t\t\t\t\t<\/div><\/div><div class=\"wp-superlike-clearfix\"><\/div>","protected":false},"excerpt":{"rendered":"<p>VISITEZ VOUS TOUS LES TYPES DE CHAMBRES Sur deux niveaux avec vue imprenable. Au premier, deux chambres \u00e0 coucher, une double et une simple, salle de bain, ouvrant toutes les deux sur de grandes terrasses avec pergolas et vue magnifique sur la&#46;&#46;&#46; <a href=\"https:\/\/www.kedrosvillas.gr\/fr\/villa-de-trois-chambres-naxos-grece\/\" class=\"more\">(more)<\/a><\/p>\n","protected":false},"author":2,"featured_media":0,"parent":0,"menu_order":115,"comment_status":"closed","ping_status":"closed","template":"","meta":{"_links_to":"","_links_to_type":0},"_links":{"self":[{"href":"https:\/\/www.kedrosvillas.gr\/fr\/wp-json\/wp\/v2\/pages\/7753"}],"collection":[{"href":"https:\/\/www.kedrosvillas.gr\/fr\/wp-json\/wp\/v2\/pages"}],"about":[{"href":"https:\/\/www.kedrosvillas.gr\/fr\/wp-json\/wp\/v2\/types\/page"}],"author":[{"embeddable":true,"href":"https:\/\/www.kedrosvillas.gr\/fr\/wp-json\/wp\/v2\/users\/2"}],"replies":[{"embeddable":true,"href":"https:\/\/www.kedrosvillas.gr\/fr\/wp-json\/wp\/v2\/comments?post=7753"}],"version-history":[{"count":36,"href":"https:\/\/www.kedrosvillas.gr\/fr\/wp-json\/wp\/v2\/pages\/7753\/revisions"}],"predecessor-version":[{"id":34163,"href":"https:\/\/www.kedrosvillas.gr\/fr\/wp-json\/wp\/v2\/pages\/7753\/revisions\/34163"}],"wp:attachment":[{"href":"https:\/\/www.kedrosvillas.gr\/fr\/wp-json\/wp\/v2\/media?parent=7753"}],"curies":[{"name":"wp","href":"https:\/\/api.w.org\/{rel}","templated":true}]}}