{"id":7749,"date":"2015-01-14T13:45:39","date_gmt":"2015-01-14T13:45:39","guid":{"rendered":"http:\/\/www.kedrosvillas.gr\/grand-villa-3\/"},"modified":"2025-01-18T13:07:35","modified_gmt":"2025-01-18T13:07:35","slug":"villa-bain-a-remous-naxos-grece","status":"publish","type":"page","link":"https:\/\/www.kedrosvillas.gr\/fr\/villa-bain-a-remous-naxos-grece\/","title":{"rendered":"VILLA GRANDE VUE SUR LA MER BAIN \u00c0 REMOUS EXT\u00c9RIEUR"},"content":{"rendered":"<p><a href=\"https:\/\/kedrosvillas.reserve-online.net\/?lang=FR&amp;room=SUNFL\" target=\"_blank\" rel=\"noopener\"><img decoding=\"async\" loading=\"lazy\" class=\"alignnone wp-image-7676\" src=\"http:\/\/www.kedrosvillas.gr\/wp-content\/uploads\/2016\/04\/BOOKTHISVILLA_FR.jpg\" alt=\"chck-prices-villa\" width=\"270\" height=\"36\" \/><\/a><\/p>\n<p><a href=\"https:\/\/www.kedrosvillas.gr\/fr\/villas-suites-naxos\/\" rel=\"noopener\"><strong>VISITEZ VOUS TOUS LES TYPES DE CHAMBRES<\/strong><\/a><\/p>\n<p>Elle se situe au niveau le plus \u00e9lev\u00e9 du domaine, vue panoramique sur les environs et la mer qui s\u2019\u00e9tend \u00e0 l\u2019infini. Sur deux niveaux. Au premier, une chambre \u00e0 coucher double et salle de bain, de grandes v\u00e9randas et bain \u00e0 remous ext\u00e9rieur priv\u00e9<span id=\"result_box\" lang=\"fr\"><span class=\"hps\">\u00a0avec<\/span> <span class=\"hps\">vue sur la mer<\/span><\/span>. Au rez-de-chauss\u00e9e, une chambre \u00e0 coucher avec un lit double et un lit simple et salle de bain, donnant sur une cour pav\u00e9e avec pergola et vue \u00e0 l\u2019infini; ainsi qu\u2019une cuisine et un s\u00e9jour qui donnent sur une cour pav\u00e9e avec pergola et patio.<\/p>\n<p><strong>Possibilit\u00e9s d\u2019h\u00e9bergement:<\/strong> une chambre \u00e0 coucher double, une chambre avec un lit double et un lit simple, un canap\u00e9-lit<br \/>\n<strong>Salles de bain:<\/strong> deux salles de bain avec douche<br \/>\n<strong>Capacit\u00e9:<\/strong>\u00a05 personnes<br \/>\n<strong>Superficie:<\/strong> 75 m\u00b2<\/p>\n<p><strong>Prestations et Services<\/strong><\/p>\n<ul class=\"lista\">\n<li>Bain \u00e0 remous ext\u00e9rieur priv\u00e9 avec vue sur la mer (pour 4 personnes)<\/li>\n<li>Barri\u00e8re de lit (sur demande)<\/li>\n<li>Chaise haute pour enfant (sur demande)<\/li>\n<li>Chaussons<\/li>\n<li>Coffre-fort \u00e9lectronique<\/li>\n<li>Cuisine totalement \u00e9quip\u00e9e<\/li>\n<li>Douche avec hydro-massage<\/li>\n<li>Draps luxueux et serviettes en coton de haute qualit\u00e9<\/li>\n<li>Fer et table \u00e0 repasser (sur demande)<\/li>\n<li>Int\u00e9gralement climatis\u00e9e aux unit\u00e9s autonomes<\/li>\n<li>Internet gratuit avec couverture WI-FI compl\u00e8te<\/li>\n<li>Lit b\u00e9b\u00e9 (sur demande)<\/li>\n<li>M\u00e9nage quotidien<\/li>\n<li>Menu d\u2019oreiller<\/li>\n<li>Produits de bain KORRES<\/li>\n<li>S\u00e8che cheveux<\/li>\n<li>Serviettes piscine\/plage<\/li>\n<li>T\u00e9l\u00e9phone avec ligne directe<\/li>\n<li>TV satellite<\/li>\n<\/ul>\n\n\t\t<style type=\"text\/css\">\n\t\t\t#gallery-1 {\n\t\t\t\tmargin: auto;\n\t\t\t}\n\t\t\t#gallery-1 .gallery-item {\n\t\t\t\tfloat: left;\n\t\t\t\tmargin-top: 10px;\n\t\t\t\ttext-align: center;\n\t\t\t\twidth: 33%;\n\t\t\t}\n\t\t\t#gallery-1 img {\n\t\t\t\tborder: 2px solid #cfcfcf;\n\t\t\t}\n\t\t\t#gallery-1 .gallery-caption {\n\t\t\t\tmargin-left: 0;\n\t\t\t}\n\t\t\t\/* see gallery_shortcode() in wp-includes\/media.php *\/\n\t\t<\/style>\n\t\t<div id='gallery-1' class='gallery galleryid-7749 gallery-columns-3 gallery-size-thumbnail'><dl class='gallery-item'>\n\t\t\t<dt class='gallery-icon landscape'>\n\t\t\t\t<a href='https:\/\/www.kedrosvillas.gr\/wp-content\/uploads\/2015\/01\/Grand-Villa-sea-view-2.jpg' title=\"\" data-rl_title=\"\" class=\"rl-gallery-link\" data-rl_caption=\"\" data-rel=\"lightbox-gallery-1\"><img width=\"150\" height=\"150\" src=\"https:\/\/www.kedrosvillas.gr\/wp-content\/uploads\/2015\/01\/Grand-Villa-sea-view-2-150x150.jpg\" class=\"attachment-thumbnail size-thumbnail\" alt=\"\" decoding=\"async\" loading=\"lazy\" \/><\/a>\n\t\t\t<\/dt><\/dl><dl class='gallery-item'>\n\t\t\t<dt class='gallery-icon landscape'>\n\t\t\t\t<a href='https:\/\/www.kedrosvillas.gr\/wp-content\/uploads\/2025\/01\/20240523_111702-1-scaled.jpg' title=\"\" data-rl_title=\"\" class=\"rl-gallery-link\" data-rl_caption=\"\" data-rel=\"lightbox-gallery-1\"><img width=\"150\" height=\"150\" src=\"https:\/\/www.kedrosvillas.gr\/wp-content\/uploads\/2025\/01\/20240523_111702-1-150x150.jpg\" class=\"attachment-thumbnail size-thumbnail\" alt=\"\" decoding=\"async\" loading=\"lazy\" \/><\/a>\n\t\t\t<\/dt><\/dl><dl class='gallery-item'>\n\t\t\t<dt class='gallery-icon portrait'>\n\t\t\t\t<a href='https:\/\/www.kedrosvillas.gr\/wp-content\/uploads\/2025\/01\/20240523_111056-1-scaled.jpg' title=\"\" data-rl_title=\"\" class=\"rl-gallery-link\" data-rl_caption=\"\" data-rel=\"lightbox-gallery-1\"><img width=\"150\" height=\"150\" src=\"https:\/\/www.kedrosvillas.gr\/wp-content\/uploads\/2025\/01\/20240523_111056-1-150x150.jpg\" class=\"attachment-thumbnail size-thumbnail\" alt=\"\" decoding=\"async\" loading=\"lazy\" \/><\/a>\n\t\t\t<\/dt><\/dl><br style=\"clear: both\" \/><dl class='gallery-item'>\n\t\t\t<dt class='gallery-icon landscape'>\n\t\t\t\t<a href='https:\/\/www.kedrosvillas.gr\/wp-content\/uploads\/2015\/01\/Grand-Villa-sea-view-4.jpg' title=\"\" data-rl_title=\"\" class=\"rl-gallery-link\" data-rl_caption=\"\" data-rel=\"lightbox-gallery-1\"><img width=\"150\" height=\"150\" src=\"https:\/\/www.kedrosvillas.gr\/wp-content\/uploads\/2015\/01\/Grand-Villa-sea-view-4-150x150.jpg\" class=\"attachment-thumbnail size-thumbnail\" alt=\"\" decoding=\"async\" loading=\"lazy\" \/><\/a>\n\t\t\t<\/dt><\/dl><dl class='gallery-item'>\n\t\t\t<dt class='gallery-icon landscape'>\n\t\t\t\t<a href='https:\/\/www.kedrosvillas.gr\/wp-content\/uploads\/2025\/01\/20160708_191706-1-scaled.jpg' title=\"\" data-rl_title=\"\" class=\"rl-gallery-link\" data-rl_caption=\"\" data-rel=\"lightbox-gallery-1\"><img width=\"150\" height=\"150\" src=\"https:\/\/www.kedrosvillas.gr\/wp-content\/uploads\/2025\/01\/20160708_191706-1-150x150.jpg\" class=\"attachment-thumbnail size-thumbnail\" alt=\"\" decoding=\"async\" loading=\"lazy\" \/><\/a>\n\t\t\t<\/dt><\/dl><dl class='gallery-item'>\n\t\t\t<dt class='gallery-icon portrait'>\n\t\t\t\t<a href='https:\/\/www.kedrosvillas.gr\/wp-content\/uploads\/2015\/01\/kedros-villas-grand-villa-naxos-yo.png' title=\"\" data-rl_title=\"\" class=\"rl-gallery-link\" data-rl_caption=\"\" data-rel=\"lightbox-gallery-1\"><img width=\"150\" height=\"150\" src=\"https:\/\/www.kedrosvillas.gr\/wp-content\/uploads\/2015\/01\/kedros-villas-grand-villa-naxos-yo-150x150.png\" class=\"attachment-thumbnail size-thumbnail\" alt=\"\" decoding=\"async\" loading=\"lazy\" \/><\/a>\n\t\t\t<\/dt><\/dl><br style=\"clear: both\" \/><dl class='gallery-item'>\n\t\t\t<dt class='gallery-icon landscape'>\n\t\t\t\t<a href='https:\/\/www.kedrosvillas.gr\/wp-content\/uploads\/2015\/01\/kedros-villas-grand-villa-naxos-rt.png' title=\"\" data-rl_title=\"\" class=\"rl-gallery-link\" data-rl_caption=\"\" data-rel=\"lightbox-gallery-1\"><img width=\"150\" height=\"150\" src=\"https:\/\/www.kedrosvillas.gr\/wp-content\/uploads\/2015\/01\/kedros-villas-grand-villa-naxos-rt-150x150.png\" class=\"attachment-thumbnail size-thumbnail\" alt=\"\" decoding=\"async\" loading=\"lazy\" \/><\/a>\n\t\t\t<\/dt><\/dl><dl class='gallery-item'>\n\t\t\t<dt class='gallery-icon portrait'>\n\t\t\t\t<a href='https:\/\/www.kedrosvillas.gr\/wp-content\/uploads\/2015\/01\/kedros-villas-grand-villa-naxos-g.png' title=\"\" data-rl_title=\"\" class=\"rl-gallery-link\" data-rl_caption=\"\" data-rel=\"lightbox-gallery-1\"><img width=\"150\" height=\"150\" src=\"https:\/\/www.kedrosvillas.gr\/wp-content\/uploads\/2015\/01\/kedros-villas-grand-villa-naxos-g-150x150.png\" class=\"attachment-thumbnail size-thumbnail\" alt=\"\" decoding=\"async\" loading=\"lazy\" \/><\/a>\n\t\t\t<\/dt><\/dl><dl class='gallery-item'>\n\t\t\t<dt class='gallery-icon landscape'>\n\t\t\t\t<a href='https:\/\/www.kedrosvillas.gr\/wp-content\/uploads\/2015\/01\/kedros-villas-grand-villa-naxos-c1.png' title=\"\" data-rl_title=\"\" class=\"rl-gallery-link\" data-rl_caption=\"\" data-rel=\"lightbox-gallery-1\"><img width=\"150\" height=\"150\" src=\"https:\/\/www.kedrosvillas.gr\/wp-content\/uploads\/2015\/01\/kedros-villas-grand-villa-naxos-c1-150x150.png\" class=\"attachment-thumbnail size-thumbnail\" alt=\"\" decoding=\"async\" loading=\"lazy\" \/><\/a>\n\t\t\t<\/dt><\/dl><br style=\"clear: both\" \/><dl class='gallery-item'>\n\t\t\t<dt class='gallery-icon portrait'>\n\t\t\t\t<a href='https:\/\/www.kedrosvillas.gr\/wp-content\/uploads\/2015\/01\/kedros-villas-grand-villa-naxos-i.png' title=\"\" data-rl_title=\"\" class=\"rl-gallery-link\" data-rl_caption=\"\" data-rel=\"lightbox-gallery-1\"><img width=\"150\" height=\"150\" src=\"https:\/\/www.kedrosvillas.gr\/wp-content\/uploads\/2015\/01\/kedros-villas-grand-villa-naxos-i-150x150.png\" class=\"attachment-thumbnail size-thumbnail\" alt=\"\" decoding=\"async\" loading=\"lazy\" \/><\/a>\n\t\t\t<\/dt><\/dl><dl class='gallery-item'>\n\t\t\t<dt class='gallery-icon portrait'>\n\t\t\t\t<a href='https:\/\/www.kedrosvillas.gr\/wp-content\/uploads\/2015\/01\/Grand-Villa-sea-view-12-5.jpg' title=\"\" data-rl_title=\"\" class=\"rl-gallery-link\" data-rl_caption=\"\" data-rel=\"lightbox-gallery-1\"><img width=\"150\" height=\"150\" src=\"https:\/\/www.kedrosvillas.gr\/wp-content\/uploads\/2015\/01\/Grand-Villa-sea-view-12-5-150x150.jpg\" class=\"attachment-thumbnail size-thumbnail\" alt=\"\" decoding=\"async\" loading=\"lazy\" \/><\/a>\n\t\t\t<\/dt><\/dl><dl class='gallery-item'>\n\t\t\t<dt class='gallery-icon portrait'>\n\t\t\t\t<a href='https:\/\/www.kedrosvillas.gr\/wp-content\/uploads\/2015\/01\/kedros-villas-grand-villa-naxos-sd.png' title=\"\" data-rl_title=\"\" class=\"rl-gallery-link\" data-rl_caption=\"\" data-rel=\"lightbox-gallery-1\"><img width=\"150\" height=\"150\" src=\"https:\/\/www.kedrosvillas.gr\/wp-content\/uploads\/2015\/01\/kedros-villas-grand-villa-naxos-sd-150x150.png\" class=\"attachment-thumbnail size-thumbnail\" alt=\"\" decoding=\"async\" loading=\"lazy\" \/><\/a>\n\t\t\t<\/dt><\/dl><br style=\"clear: both\" \/><dl class='gallery-item'>\n\t\t\t<dt class='gallery-icon landscape'>\n\t\t\t\t<a href='https:\/\/www.kedrosvillas.gr\/wp-content\/uploads\/2015\/01\/kedros-villas-grand-villa-naxos-ah.png' title=\"\" data-rl_title=\"\" class=\"rl-gallery-link\" data-rl_caption=\"\" data-rel=\"lightbox-gallery-1\"><img width=\"150\" height=\"150\" src=\"https:\/\/www.kedrosvillas.gr\/wp-content\/uploads\/2015\/01\/kedros-villas-grand-villa-naxos-ah-150x150.png\" class=\"attachment-thumbnail size-thumbnail\" alt=\"\" decoding=\"async\" loading=\"lazy\" \/><\/a>\n\t\t\t<\/dt><\/dl>\n\t\t\t<br style='clear: both' \/>\n\t\t<\/div>\n\n<div id=\"gtx-trans\" style=\"position: absolute; left: 531px; top: 859px;\">\n<div class=\"gtx-trans-icon\"><\/div>\n<\/div>\n<div class=\"wp-superlike wp-superlike-align-after wp-superlike-small  \" data-id=\"7749\">\r\n\t\t\t\t\t\t\t\t<div class=\"wp-superlike-button\"><i><\/i><span>Like!<\/span><\/div>\r\n\t\t\t\t\t\t\t\t<div class=\"wp-superlike-bubble\">\r\n\t\t\t\t\t\t\t\t\t<span class=\"wp-superlike-arrow\"><\/span>\r\n\t\t\t\t\t\t\t\t\t<span class=\"wp-superlike-count\">1<\/span>\r\n\t\t\t\t\t\t\t\t<\/div><\/div><div class=\"wp-superlike-clearfix\"><\/div>","protected":false},"excerpt":{"rendered":"<p>VISITEZ VOUS TOUS LES TYPES DE CHAMBRES Elle se situe au niveau le plus \u00e9lev\u00e9 du domaine, vue panoramique sur les environs et la mer qui s\u2019\u00e9tend \u00e0 l\u2019infini. Sur deux niveaux. Au premier, une chambre \u00e0 coucher double et salle de&#46;&#46;&#46; <a href=\"https:\/\/www.kedrosvillas.gr\/fr\/villa-bain-a-remous-naxos-grece\/\" class=\"more\">(more)<\/a><\/p>\n","protected":false},"author":2,"featured_media":0,"parent":0,"menu_order":94,"comment_status":"closed","ping_status":"closed","template":"","meta":{"_links_to":"","_links_to_type":0},"_links":{"self":[{"href":"https:\/\/www.kedrosvillas.gr\/fr\/wp-json\/wp\/v2\/pages\/7749"}],"collection":[{"href":"https:\/\/www.kedrosvillas.gr\/fr\/wp-json\/wp\/v2\/pages"}],"about":[{"href":"https:\/\/www.kedrosvillas.gr\/fr\/wp-json\/wp\/v2\/types\/page"}],"author":[{"embeddable":true,"href":"https:\/\/www.kedrosvillas.gr\/fr\/wp-json\/wp\/v2\/users\/2"}],"replies":[{"embeddable":true,"href":"https:\/\/www.kedrosvillas.gr\/fr\/wp-json\/wp\/v2\/comments?post=7749"}],"version-history":[{"count":32,"href":"https:\/\/www.kedrosvillas.gr\/fr\/wp-json\/wp\/v2\/pages\/7749\/revisions"}],"predecessor-version":[{"id":34198,"href":"https:\/\/www.kedrosvillas.gr\/fr\/wp-json\/wp\/v2\/pages\/7749\/revisions\/34198"}],"wp:attachment":[{"href":"https:\/\/www.kedrosvillas.gr\/fr\/wp-json\/wp\/v2\/media?parent=7749"}],"curies":[{"name":"wp","href":"https:\/\/api.w.org\/{rel}","templated":true}]}}