{"id":10389,"date":"2016-04-13T08:50:00","date_gmt":"2016-04-13T08:50:00","guid":{"rendered":"http:\/\/www.kedrosvillas.gr\/overview-villas-2\/"},"modified":"2025-01-24T15:57:32","modified_gmt":"2025-01-24T15:57:32","slug":"villas-suites-naxos","status":"publish","type":"page","link":"https:\/\/www.kedrosvillas.gr\/fr\/villas-suites-naxos\/","title":{"rendered":"VUE D&rsquo;ENSEMBLE"},"content":{"rendered":"<p><a href=\"https:\/\/www.kedrosvillas.gr\/fr\/suites-naxos-grece\/\"><strong>SUITE VUE SUR LA MER<\/strong><\/a> (45 m\u00b2)<\/p>\n<ul>\n<li>Peut accueillir 3 personnes<\/li>\n<li>Une chambre double<\/li>\n<li>Cuisine-s\u00e9jour separ\u00e9 + un canap\u00e9-lit<\/li>\n<li>Une salle de bain avec douche<\/li>\n<\/ul>\n<p><a href=\"https:\/\/www.kedrosvillas.gr\/fr\/suites-naxos-grece\/\" rel=\"attachment wp-att-9437\"><img decoding=\"async\" loading=\"lazy\" class=\"alignnone size-medium wp-image-9437\" src=\"http:\/\/www.kedrosvillas.gr\/wp-content\/uploads\/2016\/04\/readmore-300x40.jpg\" alt=\"readmore\" width=\"300\" height=\"40\" \/><\/a><\/p>\n<p><a href=\"https:\/\/www.kedrosvillas.gr\/fr\/villas-naxos-grece\/\"><strong>VILLA VUE SUR LA MER<\/strong><\/a> (55 m\u00b2)<\/p>\n<ul>\n<li>Peut accueillir 3 personnes<\/li>\n<li>Une chambre double<\/li>\n<li>Cuisine-s\u00e9jour separ\u00e9 + un canap\u00e9-lit<\/li>\n<li>Une salle de bain et un WC<\/li>\n<\/ul>\n<p><a href=\"https:\/\/www.kedrosvillas.gr\/fr\/villas-naxos-grece\/\" rel=\"attachment wp-att-9437\"><img decoding=\"async\" loading=\"lazy\" class=\"alignnone size-medium wp-image-9437\" src=\"http:\/\/www.kedrosvillas.gr\/wp-content\/uploads\/2016\/04\/readmore-300x40.jpg\" alt=\"readmore\" width=\"300\" height=\"40\" \/><\/a><\/p>\n<p><a href=\"https:\/\/www.kedrosvillas.gr\/fr\/suite-familiale-naxos-grece\/\"><strong>SUITE FAMILIALE VUE SUR LA MER<\/strong><\/a> (54 m\u00b2)<\/p>\n<ul>\n<li>Peut accueillir 3 adultes + 1 enfant<\/li>\n<li>Une chambre double et une chambre avec deuz lits une place<\/li>\n<li>Cuisine-s\u00e9jour separ\u00e9<\/li>\n<li>Une salle de bain avec hydromassage<\/li>\n<\/ul>\n<p><a href=\"https:\/\/www.kedrosvillas.gr\/fr\/suite-familiale-naxos-grece\/\" rel=\"attachment wp-att-9437\"><img decoding=\"async\" loading=\"lazy\" class=\"alignnone size-medium wp-image-9437\" src=\"http:\/\/www.kedrosvillas.gr\/wp-content\/uploads\/2016\/04\/readmore-300x40.jpg\" alt=\"readmore\" width=\"300\" height=\"40\" \/><\/a><\/p>\n<p><a href=\"https:\/\/www.kedrosvillas.gr\/fr\/villa-familiale-naxos-grece\/\"><strong>VILLA SUP\u00c9RIEURE VUE SUR LA MER<\/strong><\/a> (55 m\u00b2)<\/p>\n<ul>\n<li>Peut accueillir 3 adultes + 1 enfant<\/li>\n<li>Une chambre double et une chambre avec deuz lits une place<\/li>\n<li>Cuisine-s\u00e9jour separ\u00e9<\/li>\n<li>Une salle de bain avec douche<\/li>\n<\/ul>\n<p><a href=\"https:\/\/www.kedrosvillas.gr\/fr\/villa-familiale-naxos-grece\/\" rel=\"attachment wp-att-9437\"><img decoding=\"async\" loading=\"lazy\" class=\"alignnone size-medium wp-image-9437\" src=\"http:\/\/www.kedrosvillas.gr\/wp-content\/uploads\/2016\/04\/readmore-300x40.jpg\" alt=\"readmore\" width=\"300\" height=\"40\" \/><\/a><\/p>\n<p><a href=\"https:\/\/www.kedrosvillas.gr\/fr\/suite-bain-a-remous-naxos-grece\/\"><strong>SUITE JUNIOR VUE JARDIN AVEC BAIN \u00c0 REMOUS EXT\u00c9RIEUR<\/strong><\/a><\/p>\n<ul>\n<li>Peut accueillir 2 adultes + 1 enfant<\/li>\n<li>Un lit double\u00a0<span style=\"text-decoration: underline;\">ou<\/span> deux lits simples + un canap\u00e9-lit<\/li>\n<li>Une douche hammam et un WC s\u00e9par\u00e9.<br \/>\nSurface habitable: de 27 m\u00b2 \u00e0 37 m\u00b2<br \/>\nEspace ext\u00e9rieur:\u00a038 m\u00b2<\/li>\n<\/ul>\n<p><a href=\"https:\/\/www.kedrosvillas.gr\/fr\/suite-bain-a-remous-naxos-grece\/\" rel=\"attachment wp-att-9437\"><img decoding=\"async\" loading=\"lazy\" class=\"alignnone size-medium wp-image-9437\" src=\"http:\/\/www.kedrosvillas.gr\/wp-content\/uploads\/2016\/04\/readmore-300x40.jpg\" alt=\"readmore\" width=\"300\" height=\"40\" \/><\/a><\/p>\n<p><a href=\"https:\/\/www.kedrosvillas.gr\/fr\/suite-piscine-privee-naxos-grece\/\"><strong>MASTER SUITE VUE JARDIN PISCINE PRIV\u00c9E<\/strong><\/a><\/p>\n<ul>\n<li>Peut accueillir 2 adultes + 1 enfant<\/li>\n<li>Un lit double\u00a0<span style=\"text-decoration: underline;\">ou<\/span> deux lits simples + un canap\u00e9-lit<\/li>\n<li>Une douche hammam et un WC s\u00e9par\u00e9.<br \/>\nSurface habitable: 27 m\u00b2<br \/>\nEspace ext\u00e9rieur: 70 m\u00b2<\/li>\n<\/ul>\n<p><a href=\"https:\/\/www.kedrosvillas.gr\/fr\/suite-piscine-privee-naxos-grece\/\" rel=\"attachment wp-att-9437\"><img decoding=\"async\" loading=\"lazy\" class=\"alignnone size-medium wp-image-9437\" src=\"http:\/\/www.kedrosvillas.gr\/wp-content\/uploads\/2016\/04\/readmore-300x40.jpg\" alt=\"readmore\" width=\"300\" height=\"40\" \/><\/a><\/p>\n<p><a href=\"https:\/\/www.kedrosvillas.gr\/fr\/villas-familiales-naxos-grece\/\"><strong>VILLA EXCLUSIVE VUE SUR LA MER<\/strong><\/a> (65 m\u00b2)<\/p>\n<ul>\n<li>Peut accueillir 4 adultes + 1 enfant<\/li>\n<li>Une chambre double, une chambre avec deux lits une place et lit suppl\u00e9mentaire\u00a0<u>ou<\/u> deux chambres doubles et un canap\u00e9-lit dans la salle de s\u00e9jour<\/li>\n<li>Cuisine-s\u00e9jour separ\u00e9<\/li>\n<li>Deux salles de bain<\/li>\n<\/ul>\n<p><a href=\"https:\/\/www.kedrosvillas.gr\/fr\/villas-familiales-naxos-grece\/\" rel=\"attachment wp-att-9437\"><img decoding=\"async\" loading=\"lazy\" class=\"alignnone size-medium wp-image-9437\" src=\"http:\/\/www.kedrosvillas.gr\/wp-content\/uploads\/2016\/04\/readmore-300x40.jpg\" alt=\"readmore\" width=\"300\" height=\"40\" \/><\/a><\/p>\n<p><a href=\"https:\/\/www.kedrosvillas.gr\/fr\/villa-bain-a-remous-naxos-grece\/\"><strong>VILLA GRANDE VUE SUR LA MER BAIN \u00c0 REMOUS EXT\u00c9RIEUR<\/strong><\/a> (75 m\u00b2)<\/p>\n<ul>\n<li>Peut accueillir 5 personnes<\/li>\n<li>Une chambre double et une chambre avec un lit double et un lit simple<\/li>\n<li>Cuisine-s\u00e9jour separ\u00e9<\/li>\n<li>Deux salles de bain avec douche<\/li>\n<\/ul>\n<p><a href=\"https:\/\/www.kedrosvillas.gr\/fr\/villa-bain-a-remous-naxos-grece\/\" rel=\"attachment wp-att-9437\"><img decoding=\"async\" loading=\"lazy\" class=\"alignnone size-medium wp-image-9437\" src=\"http:\/\/www.kedrosvillas.gr\/wp-content\/uploads\/2016\/04\/readmore-300x40.jpg\" alt=\"readmore\" width=\"300\" height=\"40\" \/><\/a><\/p>\n<p><a href=\"https:\/\/www.kedrosvillas.gr\/fr\/villa-de-trois-chambres-naxos-grece\/\"><strong>R\u00c9SIDENCE VUE SUR LA MER BAIN \u00c0 REMOUS EXT\u00c9RIEUR<\/strong><\/a> (75 m\u00b2)<\/p>\n<ul>\n<li>Peut accueillir 5 personnes<\/li>\n<li>Une chambre double, une chambre avec deux lits une place et une chambre simple<\/li>\n<li>Cuisine-s\u00e9jour separ\u00e9<\/li>\n<li>Deux salles de bain avec douche et un WC<\/li>\n<\/ul>\n<p><a href=\"https:\/\/www.kedrosvillas.gr\/fr\/villa-de-trois-chambres-naxos-grece\/\" rel=\"attachment wp-att-9437\"><img decoding=\"async\" loading=\"lazy\" class=\"alignnone size-medium wp-image-9437\" src=\"http:\/\/www.kedrosvillas.gr\/wp-content\/uploads\/2016\/04\/readmore-300x40.jpg\" alt=\"readmore\" width=\"300\" height=\"40\" \/><\/a><\/p>\n<p><a href=\"https:\/\/www.kedrosvillas.gr\/fr\/suite-familiale-bain-remous\/\"><strong>SUITE DEUX CHAMBRES \u00c0 COUCHER VUE SUR LE JARDIN BAIN \u00c0 REMOUS EXT\u00c9RIEUR<\/strong><\/a><\/p>\n<ul>\n<li>Peut accueillir 4 adultes + 2 enfants<\/li>\n<li>Un lit double <span style=\"text-decoration: underline;\">ou<\/span> deux lits simples dans chaque suite + deux canap\u00e9s-lits<\/li>\n<li>Deux douches hammam et deux WC s\u00e9par\u00e9s.<br \/>\nSurface habitable: 64 m\u00b2<br \/>\nEspace ext\u00e9rieur: 76 m\u00b2<\/li>\n<\/ul>\n<p><a href=\"https:\/\/www.kedrosvillas.gr\/fr\/suite-familiale-bain-remous\/\" rel=\"attachment wp-att-9437\"><img decoding=\"async\" loading=\"lazy\" class=\"alignnone size-medium wp-image-9437\" src=\"http:\/\/www.kedrosvillas.gr\/wp-content\/uploads\/2016\/04\/readmore-300x40.jpg\" alt=\"readmore\" width=\"300\" height=\"40\" \/><\/a><\/p>\n<div class=\"wp-superlike wp-superlike-align-after wp-superlike-small  \" data-id=\"10389\">\r\n\t\t\t\t\t\t\t\t<div class=\"wp-superlike-button\"><i><\/i><span>Like!<\/span><\/div>\r\n\t\t\t\t\t\t\t\t<div class=\"wp-superlike-bubble\">\r\n\t\t\t\t\t\t\t\t\t<span class=\"wp-superlike-arrow\"><\/span>\r\n\t\t\t\t\t\t\t\t\t<span class=\"wp-superlike-count\">4<\/span>\r\n\t\t\t\t\t\t\t\t<\/div><\/div><div class=\"wp-superlike-clearfix\"><\/div>","protected":false},"excerpt":{"rendered":"<p>SUITE VUE SUR LA MER (45 m\u00b2) Peut accueillir 3 personnes Une chambre double Cuisine-s\u00e9jour separ\u00e9 + un canap\u00e9-lit Une salle de bain avec douche VILLA VUE SUR LA MER (55 m\u00b2) Peut accueillir 3 personnes Une chambre double Cuisine-s\u00e9jour separ\u00e9 +&#46;&#46;&#46; <a href=\"https:\/\/www.kedrosvillas.gr\/fr\/villas-suites-naxos\/\" class=\"more\">(more)<\/a><\/p>\n","protected":false},"author":2,"featured_media":0,"parent":0,"menu_order":25,"comment_status":"closed","ping_status":"closed","template":"","meta":{"_links_to":"","_links_to_type":0},"_links":{"self":[{"href":"https:\/\/www.kedrosvillas.gr\/fr\/wp-json\/wp\/v2\/pages\/10389"}],"collection":[{"href":"https:\/\/www.kedrosvillas.gr\/fr\/wp-json\/wp\/v2\/pages"}],"about":[{"href":"https:\/\/www.kedrosvillas.gr\/fr\/wp-json\/wp\/v2\/types\/page"}],"author":[{"embeddable":true,"href":"https:\/\/www.kedrosvillas.gr\/fr\/wp-json\/wp\/v2\/users\/2"}],"replies":[{"embeddable":true,"href":"https:\/\/www.kedrosvillas.gr\/fr\/wp-json\/wp\/v2\/comments?post=10389"}],"version-history":[{"count":54,"href":"https:\/\/www.kedrosvillas.gr\/fr\/wp-json\/wp\/v2\/pages\/10389\/revisions"}],"predecessor-version":[{"id":34451,"href":"https:\/\/www.kedrosvillas.gr\/fr\/wp-json\/wp\/v2\/pages\/10389\/revisions\/34451"}],"wp:attachment":[{"href":"https:\/\/www.kedrosvillas.gr\/fr\/wp-json\/wp\/v2\/media?parent=10389"}],"curies":[{"name":"wp","href":"https:\/\/api.w.org\/{rel}","templated":true}]}}