{"id":7814,"date":"2015-01-20T00:56:50","date_gmt":"2015-01-20T00:56:50","guid":{"rendered":"http:\/\/www.kedrosvillas.gr\/reach-naxos-2\/"},"modified":"2025-11-11T08:15:02","modified_gmt":"2025-11-11T08:15:02","slug":"wie-erreichen-sie-naxos","status":"publish","type":"page","link":"https:\/\/www.kedrosvillas.gr\/de\/wie-erreichen-sie-naxos\/","title":{"rendered":"WIE ERREICHEN SIE NAXOS"},"content":{"rendered":"<p><iframe loading=\"lazy\" src=\"https:\/\/www.ferryscanner.com\/de\/affiliates\/ferry?ref=zdy2mzi&amp;utm_source=zdy2mzi&amp;utm_campaign=Ferryscanner+Affiliate+Program+DE&amp;outline=1\" width=\"100%\" height=\"310\" frameborder=\"0\" scrolling=\"no\"><\/iframe><\/p>\n<p><b>Wie erreichen Sie Naxos<\/b><\/p>\n<p><b>Mit dem Schiff: <\/b>es gibt viele Fahrpl\u00e4ne vom Pir\u00e4us Hafen w\u00e4hrend der Sommermonate. Die Reise mit dem Schnellschiff aus Pir\u00e4us dauert 3,5 Stunden und mit dem normalen Schiff 5,5 Stunden. Naxos verbindet sich mit Paros, Santorini, Mykonos, den kleinen Kykladen (Donusa, Heraklia, Pano Koufonisi, Schinusa), Amorgos, Ios, Sikinos, Folegandros, Syros, Tinos, Milos, Astipalea.<\/p>\n<div>\n<p>Online Ticketbuchung:<br \/>\n<a href=\"https:\/\/www.bluestarferries.com\/en-gb\" target=\"_blank\" rel=\"noopener\">Blue Star Ferries<\/a><br \/>\n<a href=\"https:\/\/www.hellenicseaways.gr\/en-gb\" target=\"_blank\" rel=\"noopener\">Hellenic Seaways<\/a><br \/>\n<a href=\"https:\/\/www.seajets.gr\/de\/\" target=\"_blank\" rel=\"noopener\">Sea Jets<\/a><br \/>\n<a href=\"https:\/\/fastferries.com.gr\/en\/\" target=\"_blank\" rel=\"noopener\">Fast Ferries<\/a><br \/>\n<a href=\"https:\/\/goldenstarferries.gr\/en\/\" target=\"_blank\" rel=\"noopener\">Golden Star Ferries<\/a><br \/>\n<a href=\"https:\/\/www.minoan.gr\/de\" target=\"_blank\" rel=\"noopener\">Minoan Lines<\/a><br \/>\n<a href=\"https:\/\/saos.gr\/en\/\" target=\"_blank\" rel=\"noopener\">Saos Ferries<\/a><br \/>\n<a href=\"http:\/\/www.smallcycladeslines.gr\/en\/about-english\/\" target=\"_blank\" rel=\"noopener\">Small Cyclades Lines<\/a><br \/>\n<a href=\"https:\/\/www.ferryscanner.com\/de\/ferry\/?ref=zdy2mzi&amp;utm_source=maroulakondyli&amp;utm_campaign=Ferryscanner+affiliate+program+EN\" target=\"_blank\" rel=\"noopener\">FerryScanner.com<\/a><br \/>\n<a href=\"https:\/\/www.bookferry.gr\/en\/greek-ferries\/\" target=\"_blank\" rel=\"noopener\">BookFerry.gr<\/a><\/p>\n<p><a href=\"https:\/\/www.aia.gr\/en\/traveller\/transportation-airport\" target=\"_blank\" rel=\"noopener\">Zugang zum Internationalen Flughafen von Athen \u201cEleftherios Venizelos\u201d (ATH)<\/a><\/p>\n<\/div>\n<p><b>Mit dem Flugzeug:<\/b> Naxos verbindet sich mit Athen (die Reise hat eine Dauer von nur 40 Minuten) und Thessaloniki mit dem Flugzeug durch Aegean Air (Olympic Air) und Sky Express. Online Ticketbuchung: <a href=\"https:\/\/de.aegeanair.com\/\" target=\"_blank\" rel=\"noopener\" data-cke-saved-href=\"http:\/\/www.olympicair.com\/\">Aegean Air<\/a>\u00a0und\u00a0<a href=\"https:\/\/www.skyexpress.gr\/de\" target=\"_blank\" rel=\"noopener\">Sky Express<\/a>.<br \/>\n<a href=\"http:\/\/www.aia.gr\/\" target=\"_blank\" rel=\"noopener\" data-cke-saved-href=\"http:\/\/www.aia.gr\/\">Internationaler Flughafen von Athen \u201cEleftherios Venizelos\u201d\u00a0(ATH)<\/a><br \/>\n<a href=\"https:\/\/www.skg-airport.gr\" target=\"_blank\" rel=\"noopener\">Internationaler Flughafen von Thessaloniki \u201cMakedonia\u201d\u00a0(SKG)<\/a><br \/>\n<a href=\"https:\/\/www.naxos-airport.com\/\" target=\"_blank\" rel=\"noopener\">Staatlicher Flughafen von Naxos (JNX)<\/a> tel. +302285023969<br \/>\nSchalter von Aegean Air am Flughafen von Naxos tel. +302285026402<br \/>\nSchalter von Sky Express am Flughafen von Naxos tel. +302285023387<\/p>\n<div class=\"wp-superlike wp-superlike-align-after wp-superlike-small  \" data-id=\"7814\">\r\n\t\t\t\t\t\t\t\t<div class=\"wp-superlike-button\"><i><\/i><span>Like!<\/span><\/div>\r\n\t\t\t\t\t\t\t\t<div class=\"wp-superlike-bubble\">\r\n\t\t\t\t\t\t\t\t\t<span class=\"wp-superlike-arrow\"><\/span>\r\n\t\t\t\t\t\t\t\t\t<span class=\"wp-superlike-count\">2<\/span>\r\n\t\t\t\t\t\t\t\t<\/div><\/div><div class=\"wp-superlike-clearfix\"><\/div>","protected":false},"excerpt":{"rendered":"<p>Wie erreichen Sie Naxos Mit dem Schiff: es gibt viele Fahrpl\u00e4ne vom Pir\u00e4us Hafen w\u00e4hrend der Sommermonate. Die Reise mit dem Schnellschiff aus Pir\u00e4us dauert 3,5 Stunden und mit dem normalen Schiff 5,5 Stunden. Naxos verbindet sich mit Paros, Santorini, Mykonos, den&#46;&#46;&#46; <a href=\"https:\/\/www.kedrosvillas.gr\/de\/wie-erreichen-sie-naxos\/\" class=\"more\">(more)<\/a><\/p>\n","protected":false},"author":1,"featured_media":0,"parent":0,"menu_order":32,"comment_status":"closed","ping_status":"closed","template":"template-page.php","meta":{"_links_to":"","_links_to_type":0},"_links":{"self":[{"href":"https:\/\/www.kedrosvillas.gr\/de\/wp-json\/wp\/v2\/pages\/7814"}],"collection":[{"href":"https:\/\/www.kedrosvillas.gr\/de\/wp-json\/wp\/v2\/pages"}],"about":[{"href":"https:\/\/www.kedrosvillas.gr\/de\/wp-json\/wp\/v2\/types\/page"}],"author":[{"embeddable":true,"href":"https:\/\/www.kedrosvillas.gr\/de\/wp-json\/wp\/v2\/users\/1"}],"replies":[{"embeddable":true,"href":"https:\/\/www.kedrosvillas.gr\/de\/wp-json\/wp\/v2\/comments?post=7814"}],"version-history":[{"count":33,"href":"https:\/\/www.kedrosvillas.gr\/de\/wp-json\/wp\/v2\/pages\/7814\/revisions"}],"predecessor-version":[{"id":34875,"href":"https:\/\/www.kedrosvillas.gr\/de\/wp-json\/wp\/v2\/pages\/7814\/revisions\/34875"}],"wp:attachment":[{"href":"https:\/\/www.kedrosvillas.gr\/de\/wp-json\/wp\/v2\/media?parent=7814"}],"curies":[{"name":"wp","href":"https:\/\/api.w.org\/{rel}","templated":true}]}}