{"id":7773,"date":"2015-01-15T20:33:03","date_gmt":"2015-01-15T20:33:03","guid":{"rendered":"http:\/\/www.kedrosvillas.gr\/villas-suites-facilities-2\/"},"modified":"2026-01-02T17:33:52","modified_gmt":"2026-01-02T17:33:52","slug":"wohnungsausstattung","status":"publish","type":"page","link":"https:\/\/www.kedrosvillas.gr\/de\/wohnungsausstattung\/","title":{"rendered":"WOHNUNGS- AUSSTATTUNG"},"content":{"rendered":"<ul>\n<li>T\u00e4gliche Reinigung<\/li>\n<li>L<span class=\"st\">uxuri\u00f6se Bettw\u00e4sche <\/span>und Baumwollt\u00fccher h\u00f6chster Qualit\u00e4t<\/li>\n<li><span class=\"st\"> Pool\/Strandt\u00fccher<\/span><\/li>\n<li>Slipper<\/li>\n<li>F\u00f6hn<\/li>\n<li>Kissenmen\u00fc<\/li>\n<li>Badeprodukte mit nat\u00fcrlichen Inhaltsstoffen<\/li>\n<li>Kinderbett, Bettgitter, Kindersessel (auf Anfrage)<\/li>\n<li>B\u00fcgeleisen und B\u00fcgelbrett (auf Anfrage)<\/li>\n<li><b>Suiten mit Au\u00dfenwhirlpool oder privatem Pool<\/b>: Smart-Sat-TV, Badem\u00e4ntel, Minik\u00fchlschrank, Nespresso-Maschine, Wasserkocher.<\/li>\n<li><b>Villen und Suiten mit Meerblick<\/b>: vollst\u00e4ndig ausgestattete K\u00fcche (Herd, Ofen, K\u00fchlschrank, kleine Sp\u00fclmaschine, Kaffemaschine, Wasserkocher, elektrische Saftpresse, Toaster sowie eine volle Ausstattung an Kochutensilien)<\/li>\n<li>Vollst\u00e4ndig klimatisierten mit Split-Klimaanlagen<\/li>\n<li>Direktwahltelefon<\/li>\n<li>Kostenfreier Satelliten W-LAN Zugang (Starlink) mit vollst\u00e4ndiger Abdeckung<\/li>\n<li>Elektronischer Safe<\/li>\n<li>Satelliten-TV<\/li>\n<\/ul>\n<div class=\"wp-superlike wp-superlike-align-after wp-superlike-small  \" data-id=\"7773\">\r\n\t\t\t\t\t\t\t\t<div class=\"wp-superlike-button\"><i><\/i><span>Like!<\/span><\/div>\r\n\t\t\t\t\t\t\t\t<div class=\"wp-superlike-bubble\">\r\n\t\t\t\t\t\t\t\t\t<span class=\"wp-superlike-arrow\"><\/span>\r\n\t\t\t\t\t\t\t\t\t<span class=\"wp-superlike-count\">1<\/span>\r\n\t\t\t\t\t\t\t\t<\/div><\/div><div class=\"wp-superlike-clearfix\"><\/div>","protected":false},"excerpt":{"rendered":"<p>T\u00e4gliche Reinigung Luxuri\u00f6se Bettw\u00e4sche und Baumwollt\u00fccher h\u00f6chster Qualit\u00e4t Pool\/Strandt\u00fccher Slipper F\u00f6hn Kissenmen\u00fc Badeprodukte mit nat\u00fcrlichen Inhaltsstoffen Kinderbett, Bettgitter, Kindersessel (auf Anfrage) B\u00fcgeleisen und B\u00fcgelbrett (auf Anfrage) Suiten mit Au\u00dfenwhirlpool oder privatem Pool: Smart-Sat-TV, Badem\u00e4ntel, Minik\u00fchlschrank, Nespresso-Maschine, Wasserkocher. Villen und Suiten mit Meerblick:&#46;&#46;&#46; <a href=\"https:\/\/www.kedrosvillas.gr\/de\/wohnungsausstattung\/\" class=\"more\">(more)<\/a><\/p>\n","protected":false},"author":1,"featured_media":0,"parent":0,"menu_order":100,"comment_status":"closed","ping_status":"closed","template":"","meta":{"_links_to":"","_links_to_type":0},"_links":{"self":[{"href":"https:\/\/www.kedrosvillas.gr\/de\/wp-json\/wp\/v2\/pages\/7773"}],"collection":[{"href":"https:\/\/www.kedrosvillas.gr\/de\/wp-json\/wp\/v2\/pages"}],"about":[{"href":"https:\/\/www.kedrosvillas.gr\/de\/wp-json\/wp\/v2\/types\/page"}],"author":[{"embeddable":true,"href":"https:\/\/www.kedrosvillas.gr\/de\/wp-json\/wp\/v2\/users\/1"}],"replies":[{"embeddable":true,"href":"https:\/\/www.kedrosvillas.gr\/de\/wp-json\/wp\/v2\/comments?post=7773"}],"version-history":[{"count":23,"href":"https:\/\/www.kedrosvillas.gr\/de\/wp-json\/wp\/v2\/pages\/7773\/revisions"}],"predecessor-version":[{"id":34889,"href":"https:\/\/www.kedrosvillas.gr\/de\/wp-json\/wp\/v2\/pages\/7773\/revisions\/34889"}],"wp:attachment":[{"href":"https:\/\/www.kedrosvillas.gr\/de\/wp-json\/wp\/v2\/media?parent=7773"}],"curies":[{"name":"wp","href":"https:\/\/api.w.org\/{rel}","templated":true}]}}