{"id":7754,"date":"2015-01-14T13:45:51","date_gmt":"2015-01-14T13:45:51","guid":{"rendered":"http:\/\/www.kedrosvillas.gr\/residence-2\/"},"modified":"2025-01-14T18:28:14","modified_gmt":"2025-01-14T18:28:14","slug":"villa-drei-schlafzimmern-naxos-griechenland","status":"publish","type":"page","link":"https:\/\/www.kedrosvillas.gr\/de\/villa-drei-schlafzimmern-naxos-griechenland\/","title":{"rendered":"RESIDENCE MIT MEERBLICK + AUSSEN-WHIRLPOOL"},"content":{"rendered":"<p><a href=\"https:\/\/kedrosvillas.reserve-online.net\/?lang=DE&amp;room=LAVEND\" target=\"_blank\" rel=\"noopener\"><img decoding=\"async\" loading=\"lazy\" class=\"alignnone wp-image-7694\" src=\"http:\/\/www.kedrosvillas.gr\/wp-content\/uploads\/2016\/04\/book-now_de2.jpg\" alt=\"chck-prices-villa\" width=\"270\" height=\"36\" \/><\/a><\/p>\n<p><strong><a href=\"https:\/\/www.kedrosvillas.gr\/de\/villen-suiten-naxos\/\">ALLE ZIMMERTYPEN ANZEIGEN<\/a><\/strong><\/p>\n<p>Zwei St\u00f6cke mit herrlichem Ausblick. Im oberen Stock zwei Schlafr\u00e4umen, ein Schlafzimmer mit Doppelbett, ein Einzelzimmer und Dusche\/WC. Beide Schlafr\u00e4umen f\u00fchren zu gro\u00dfen Verandas mit Pergola und wunderbarem Blick aufs Meer und Naxos Stadt. Im Erdgescho\u00df finden Sie ein Zweibettzimmer mit en suite Dusche\/WC, einer Wohn-\/K\u00fcchenbereich und ein G\u00e4ste-WC. Die K\u00fcche f\u00fchrt zu einer Gartenterrasse mit Fliesenboden, Pergola und Esstisch, wo sie im Schatten der gro\u00dfen Zedern in einem Garten in zwei Ebene entspannen k\u00f6nnen. Beheizter Au\u00dfenwhirlpool im Garten.<\/p>\n<p><strong>Aufenthaltsm\u00f6glichkeiten: <\/strong>ein Schlafzimmer mit Doppelbett, ein Zweibettzimmer und ein Einzelzimmer<br \/>\n<strong>Badezimmer:<\/strong> zwei Dusche\/WC, ein G\u00e4ste-WC<br \/>\n<strong>Kapazit\u00e4t:<\/strong> 5 Personen<br \/>\n<strong>Wohnfl\u00e4che:<\/strong> 75 qm<\/p>\n<p><strong><strong><strong>Wohnungsausstattung<\/strong><\/strong><\/strong><\/p>\n<ul class=\"lista\">\n<li>Beheizter Au\u00dfenwhirlpool im Garten (f\u00fcr 4 Personen)<strong><span id=\"result_box\" class=\"short_text\" lang=\"de\"><span class=\"hps\"><br \/>\n<\/span><\/span><\/strong><\/li>\n<li>Bettgitter (auf Anfrage)<\/li>\n<li>B\u00fcgeleisen und B\u00fcgelbrett (auf Anfrage)<\/li>\n<li>Direktwahltelefon<\/li>\n<li>Dusche<\/li>\n<li>Elektronischer Safe<\/li>\n<li>F\u00f6hn<\/li>\n<li>Kinderbett (auf Anfrage)<\/li>\n<li>Kindersessel (auf Anfrage)<\/li>\n<li>Kissenmen\u00fc<\/li>\n<li>Korres K\u00f6rperpflege Produkte<\/li>\n<li>Luxuri\u00f6se Bettw\u00e4sche und Baumwollt\u00fccher h\u00f6chster Qualit\u00e4t<\/li>\n<li>Pool\/Strandt\u00fccher<\/li>\n<li>Satelliten-TV<\/li>\n<li>Slipper<\/li>\n<li>T\u00e4gliche Reinigung<\/li>\n<li>Vollst\u00e4ndig ausgestattete K\u00fcche<\/li>\n<li>Vollst\u00e4ndig klimatisierte mit Split-Klimaanlagen<\/li>\n<li>W-LAN Internetzugang mit vollst\u00e4ndiger Abdeckung<\/li>\n<\/ul>\n\n\t\t<style type=\"text\/css\">\n\t\t\t#gallery-1 {\n\t\t\t\tmargin: auto;\n\t\t\t}\n\t\t\t#gallery-1 .gallery-item {\n\t\t\t\tfloat: left;\n\t\t\t\tmargin-top: 10px;\n\t\t\t\ttext-align: center;\n\t\t\t\twidth: 33%;\n\t\t\t}\n\t\t\t#gallery-1 img {\n\t\t\t\tborder: 2px solid #cfcfcf;\n\t\t\t}\n\t\t\t#gallery-1 .gallery-caption {\n\t\t\t\tmargin-left: 0;\n\t\t\t}\n\t\t\t\/* see gallery_shortcode() in wp-includes\/media.php *\/\n\t\t<\/style>\n\t\t<div id='gallery-1' class='gallery galleryid-7754 gallery-columns-3 gallery-size-thumbnail'><dl class='gallery-item'>\n\t\t\t<dt class='gallery-icon landscape'>\n\t\t\t\t<a href='https:\/\/www.kedrosvillas.gr\/wp-content\/uploads\/2025\/01\/20240523_112923-scaled.jpg' title=\"\" data-rl_title=\"\" class=\"rl-gallery-link\" data-rl_caption=\"\" data-rel=\"lightbox-gallery-1\"><img width=\"150\" height=\"150\" src=\"https:\/\/www.kedrosvillas.gr\/wp-content\/uploads\/2025\/01\/20240523_112923-150x150.jpg\" class=\"attachment-thumbnail size-thumbnail\" alt=\"\" decoding=\"async\" loading=\"lazy\" \/><\/a>\n\t\t\t<\/dt><\/dl><dl class='gallery-item'>\n\t\t\t<dt class='gallery-icon landscape'>\n\t\t\t\t<a href='https:\/\/www.kedrosvillas.gr\/wp-content\/uploads\/2015\/01\/residence-villas-naxos-kedros.png' title=\"\" data-rl_title=\"\" class=\"rl-gallery-link\" data-rl_caption=\"\" data-rel=\"lightbox-gallery-1\"><img width=\"150\" height=\"150\" src=\"https:\/\/www.kedrosvillas.gr\/wp-content\/uploads\/2015\/01\/residence-villas-naxos-kedros-150x150.png\" class=\"attachment-thumbnail size-thumbnail\" alt=\"\" decoding=\"async\" loading=\"lazy\" \/><\/a>\n\t\t\t<\/dt><\/dl><dl class='gallery-item'>\n\t\t\t<dt class='gallery-icon portrait'>\n\t\t\t\t<a href='https:\/\/www.kedrosvillas.gr\/wp-content\/uploads\/2024\/02\/Residence-Sea-View-scaled.jpg' title=\"\" data-rl_title=\"\" class=\"rl-gallery-link\" data-rl_caption=\"\" data-rel=\"lightbox-gallery-1\"><img width=\"150\" height=\"150\" src=\"https:\/\/www.kedrosvillas.gr\/wp-content\/uploads\/2024\/02\/Residence-Sea-View-150x150.jpg\" class=\"attachment-thumbnail size-thumbnail\" alt=\"\" decoding=\"async\" loading=\"lazy\" \/><\/a>\n\t\t\t<\/dt><\/dl><br style=\"clear: both\" \/><dl class='gallery-item'>\n\t\t\t<dt class='gallery-icon landscape'>\n\t\t\t\t<a href='https:\/\/www.kedrosvillas.gr\/wp-content\/uploads\/2015\/01\/residence-villas-naxos-kedros-3-e1670009798902.png' title=\"\" data-rl_title=\"\" class=\"rl-gallery-link\" data-rl_caption=\"\" data-rel=\"lightbox-gallery-1\"><img width=\"150\" height=\"150\" src=\"https:\/\/www.kedrosvillas.gr\/wp-content\/uploads\/2015\/01\/residence-villas-naxos-kedros-3-150x150.png\" class=\"attachment-thumbnail size-thumbnail\" alt=\"\" decoding=\"async\" loading=\"lazy\" \/><\/a>\n\t\t\t<\/dt><\/dl><dl class='gallery-item'>\n\t\t\t<dt class='gallery-icon landscape'>\n\t\t\t\t<a href='https:\/\/www.kedrosvillas.gr\/wp-content\/uploads\/2015\/01\/residence-villas-naxos-kedros-7.png' title=\"\" data-rl_title=\"\" class=\"rl-gallery-link\" data-rl_caption=\"\" data-rel=\"lightbox-gallery-1\"><img width=\"150\" height=\"150\" src=\"https:\/\/www.kedrosvillas.gr\/wp-content\/uploads\/2015\/01\/residence-villas-naxos-kedros-7-150x150.png\" class=\"attachment-thumbnail size-thumbnail\" alt=\"\" decoding=\"async\" loading=\"lazy\" \/><\/a>\n\t\t\t<\/dt><\/dl><dl class='gallery-item'>\n\t\t\t<dt class='gallery-icon portrait'>\n\t\t\t\t<a href='https:\/\/www.kedrosvillas.gr\/wp-content\/uploads\/2015\/01\/Residence-Sea-View-5.jpg' title=\"\" data-rl_title=\"\" class=\"rl-gallery-link\" data-rl_caption=\"\" data-rel=\"lightbox-gallery-1\"><img width=\"150\" height=\"150\" src=\"https:\/\/www.kedrosvillas.gr\/wp-content\/uploads\/2015\/01\/Residence-Sea-View-5-150x150.jpg\" class=\"attachment-thumbnail size-thumbnail\" alt=\"\" decoding=\"async\" loading=\"lazy\" \/><\/a>\n\t\t\t<\/dt><\/dl><br style=\"clear: both\" \/><dl class='gallery-item'>\n\t\t\t<dt class='gallery-icon portrait'>\n\t\t\t\t<a href='https:\/\/www.kedrosvillas.gr\/wp-content\/uploads\/2015\/01\/Residence-Sea-View-6.jpg' title=\"\" data-rl_title=\"\" class=\"rl-gallery-link\" data-rl_caption=\"\" data-rel=\"lightbox-gallery-1\"><img width=\"150\" height=\"150\" src=\"https:\/\/www.kedrosvillas.gr\/wp-content\/uploads\/2015\/01\/Residence-Sea-View-6-150x150.jpg\" class=\"attachment-thumbnail size-thumbnail\" alt=\"\" decoding=\"async\" loading=\"lazy\" \/><\/a>\n\t\t\t<\/dt><\/dl><dl class='gallery-item'>\n\t\t\t<dt class='gallery-icon portrait'>\n\t\t\t\t<a href='https:\/\/www.kedrosvillas.gr\/wp-content\/uploads\/2021\/03\/drz_MG_8233-scaled.jpg' title=\"\" data-rl_title=\"\" class=\"rl-gallery-link\" data-rl_caption=\"\" data-rel=\"lightbox-gallery-1\"><img width=\"150\" height=\"150\" src=\"https:\/\/www.kedrosvillas.gr\/wp-content\/uploads\/2021\/03\/drz_MG_8233-150x150.jpg\" class=\"attachment-thumbnail size-thumbnail\" alt=\"\" decoding=\"async\" loading=\"lazy\" \/><\/a>\n\t\t\t<\/dt><\/dl><dl class='gallery-item'>\n\t\t\t<dt class='gallery-icon landscape'>\n\t\t\t\t<a href='https:\/\/www.kedrosvillas.gr\/wp-content\/uploads\/2015\/01\/Residence-Sea-View-7.jpg' title=\"\" data-rl_title=\"\" class=\"rl-gallery-link\" data-rl_caption=\"\" data-rel=\"lightbox-gallery-1\"><img width=\"150\" height=\"150\" src=\"https:\/\/www.kedrosvillas.gr\/wp-content\/uploads\/2015\/01\/Residence-Sea-View-7-150x150.jpg\" class=\"attachment-thumbnail size-thumbnail\" alt=\"\" decoding=\"async\" loading=\"lazy\" \/><\/a>\n\t\t\t<\/dt><\/dl><br style=\"clear: both\" \/><dl class='gallery-item'>\n\t\t\t<dt class='gallery-icon portrait'>\n\t\t\t\t<a href='https:\/\/www.kedrosvillas.gr\/wp-content\/uploads\/2015\/01\/Residence-Sea-View-8.jpg' title=\"\" data-rl_title=\"\" class=\"rl-gallery-link\" data-rl_caption=\"\" data-rel=\"lightbox-gallery-1\"><img width=\"150\" height=\"150\" src=\"https:\/\/www.kedrosvillas.gr\/wp-content\/uploads\/2015\/01\/Residence-Sea-View-8-150x150.jpg\" class=\"attachment-thumbnail size-thumbnail\" alt=\"\" decoding=\"async\" loading=\"lazy\" \/><\/a>\n\t\t\t<\/dt><\/dl><dl class='gallery-item'>\n\t\t\t<dt class='gallery-icon portrait'>\n\t\t\t\t<a href='https:\/\/www.kedrosvillas.gr\/wp-content\/uploads\/2015\/01\/Residence-Sea-View-9.jpg' title=\"\" data-rl_title=\"\" class=\"rl-gallery-link\" data-rl_caption=\"\" data-rel=\"lightbox-gallery-1\"><img width=\"150\" height=\"150\" src=\"https:\/\/www.kedrosvillas.gr\/wp-content\/uploads\/2015\/01\/Residence-Sea-View-9-150x150.jpg\" class=\"attachment-thumbnail size-thumbnail\" alt=\"\" decoding=\"async\" loading=\"lazy\" \/><\/a>\n\t\t\t<\/dt><\/dl><dl class='gallery-item'>\n\t\t\t<dt class='gallery-icon landscape'>\n\t\t\t\t<a href='https:\/\/www.kedrosvillas.gr\/wp-content\/uploads\/2025\/01\/20240523_113253-scaled.jpg' title=\"\" data-rl_title=\"\" class=\"rl-gallery-link\" data-rl_caption=\"\" data-rel=\"lightbox-gallery-1\"><img width=\"150\" height=\"150\" src=\"https:\/\/www.kedrosvillas.gr\/wp-content\/uploads\/2025\/01\/20240523_113253-150x150.jpg\" class=\"attachment-thumbnail size-thumbnail\" alt=\"\" decoding=\"async\" loading=\"lazy\" \/><\/a>\n\t\t\t<\/dt><\/dl><br style=\"clear: both\" \/>\n\t\t<\/div>\n\n<div id=\"gtx-trans\" style=\"position: absolute; left: 468px; top: 883px;\">\n<div class=\"gtx-trans-icon\"><\/div>\n<\/div>\n<div class=\"wp-superlike wp-superlike-align-after wp-superlike-small  \" data-id=\"7754\">\r\n\t\t\t\t\t\t\t\t<div class=\"wp-superlike-button\"><i><\/i><span>Like!<\/span><\/div>\r\n\t\t\t\t\t\t\t\t<div class=\"wp-superlike-bubble\">\r\n\t\t\t\t\t\t\t\t\t<span class=\"wp-superlike-arrow\"><\/span>\r\n\t\t\t\t\t\t\t\t\t<span class=\"wp-superlike-count\">3<\/span>\r\n\t\t\t\t\t\t\t\t<\/div><\/div><div class=\"wp-superlike-clearfix\"><\/div>","protected":false},"excerpt":{"rendered":"<p>ALLE ZIMMERTYPEN ANZEIGEN Zwei St\u00f6cke mit herrlichem Ausblick. Im oberen Stock zwei Schlafr\u00e4umen, ein Schlafzimmer mit Doppelbett, ein Einzelzimmer und Dusche\/WC. Beide Schlafr\u00e4umen f\u00fchren zu gro\u00dfen Verandas mit Pergola und wunderbarem Blick aufs Meer und Naxos Stadt. Im Erdgescho\u00df finden Sie ein&#46;&#46;&#46; <a href=\"https:\/\/www.kedrosvillas.gr\/de\/villa-drei-schlafzimmern-naxos-griechenland\/\" class=\"more\">(more)<\/a><\/p>\n","protected":false},"author":2,"featured_media":0,"parent":0,"menu_order":115,"comment_status":"closed","ping_status":"closed","template":"","meta":{"_links_to":"","_links_to_type":0},"_links":{"self":[{"href":"https:\/\/www.kedrosvillas.gr\/de\/wp-json\/wp\/v2\/pages\/7754"}],"collection":[{"href":"https:\/\/www.kedrosvillas.gr\/de\/wp-json\/wp\/v2\/pages"}],"about":[{"href":"https:\/\/www.kedrosvillas.gr\/de\/wp-json\/wp\/v2\/types\/page"}],"author":[{"embeddable":true,"href":"https:\/\/www.kedrosvillas.gr\/de\/wp-json\/wp\/v2\/users\/2"}],"replies":[{"embeddable":true,"href":"https:\/\/www.kedrosvillas.gr\/de\/wp-json\/wp\/v2\/comments?post=7754"}],"version-history":[{"count":36,"href":"https:\/\/www.kedrosvillas.gr\/de\/wp-json\/wp\/v2\/pages\/7754\/revisions"}],"predecessor-version":[{"id":34164,"href":"https:\/\/www.kedrosvillas.gr\/de\/wp-json\/wp\/v2\/pages\/7754\/revisions\/34164"}],"wp:attachment":[{"href":"https:\/\/www.kedrosvillas.gr\/de\/wp-json\/wp\/v2\/media?parent=7754"}],"curies":[{"name":"wp","href":"https:\/\/api.w.org\/{rel}","templated":true}]}}