{"id":7714,"date":"2015-01-15T19:20:05","date_gmt":"2015-01-15T19:20:05","guid":{"rendered":"http:\/\/www.kedrosvillas.gr\/one-bedroom-villas-2\/"},"modified":"2026-01-06T13:47:06","modified_gmt":"2026-01-06T13:47:06","slug":"villen-naxos-griechenland","status":"publish","type":"page","link":"https:\/\/www.kedrosvillas.gr\/de\/villen-naxos-griechenland\/","title":{"rendered":"VILLA MIT MEERBLICK"},"content":{"rendered":"<p><a href=\"https:\/\/kedrosvillas.reserve-online.net\/?lang=DE&amp;room=EROS\" target=\"_blank\" rel=\"noopener\"><img decoding=\"async\" loading=\"lazy\" class=\"alignnone wp-image-7597\" src=\"http:\/\/www.kedrosvillas.gr\/wp-content\/uploads\/2016\/04\/book-now_de2.jpg\" alt=\"chck-prices-villa\" width=\"270\" height=\"36\" \/><\/a><\/p>\n<p><strong><a href=\"https:\/\/www.kedrosvillas.gr\/de\/villen-suiten-naxos\/\">ALLE ZIMMERTYPEN ANZEIGEN<\/a><\/strong><\/p>\n<p>Doppelst\u00f6ckig. Im oberen Stock gibt es ein Schlafzimmer mit Doppelbett, ein\u00a0Badezimmer und einen Balkon mit Pergola und Meerblick. Im Erdgeschoss gibt es einen Wohn-\/K\u00fcchenbereich mit Schlafcouch und W.C. Terrasse mit Pergola im Garten.<\/p>\n<p><strong>Aufenthaltsm\u00f6glichkeiten:<\/strong> ein Schlafzimmer mit Doppelbett, eine Schlafcouch<br \/>\n<strong>Badezimmer:<\/strong>\u00a0Bad oder Dusche\/WC und zus\u00e4tzliches WC<br \/>\n<strong>Kapazit\u00e4t:<\/strong> 3 Personen<br \/>\n<strong>Wohnfl\u00e4che:<\/strong> ca. 51 qm<\/p>\n<p><strong><strong>Wohnungsausstattung<\/strong><\/strong><\/p>\n<ul class=\"lista\">\n<li>Bettgitter (auf Anfrage)<\/li>\n<li>B\u00fcgeleisen und B\u00fcgelbrett (auf Anfrage)<\/li>\n<li>Direktwahltelefon<\/li>\n<li>Elektronischer Safe<\/li>\n<li>F\u00f6hn<\/li>\n<li>Kindersessel (auf Anfrage)<\/li>\n<li>Kissenmen\u00fc<\/li>\n<li>Korres K\u00f6rperpflege Produkte<\/li>\n<li>Luxuri\u00f6se Bettw\u00e4sche und Baumwollt\u00fccher h\u00f6chster Qualit\u00e4t<\/li>\n<li>Pool\/Strandt\u00fccher<\/li>\n<li>Satelliten-TV<\/li>\n<li>Slipper<\/li>\n<li>T\u00e4gliche Reinigung<\/li>\n<li>Vollst\u00e4ndig ausgestattete K\u00fcche<\/li>\n<li>Vollst\u00e4ndig klimatisierte mit Split-Klimaanlagen<\/li>\n<li>WC<\/li>\n<li>W-LAN Internetzugang mit vollst\u00e4ndiger Abdeckung<\/li>\n<\/ul>\n\n\t\t<style type=\"text\/css\">\n\t\t\t#gallery-1 {\n\t\t\t\tmargin: auto;\n\t\t\t}\n\t\t\t#gallery-1 .gallery-item {\n\t\t\t\tfloat: left;\n\t\t\t\tmargin-top: 10px;\n\t\t\t\ttext-align: center;\n\t\t\t\twidth: 33%;\n\t\t\t}\n\t\t\t#gallery-1 img {\n\t\t\t\tborder: 2px solid #cfcfcf;\n\t\t\t}\n\t\t\t#gallery-1 .gallery-caption {\n\t\t\t\tmargin-left: 0;\n\t\t\t}\n\t\t\t\/* see gallery_shortcode() in wp-includes\/media.php *\/\n\t\t<\/style>\n\t\t<div id='gallery-1' class='gallery galleryid-7714 gallery-columns-3 gallery-size-thumbnail'><dl class='gallery-item'>\n\t\t\t<dt class='gallery-icon portrait'>\n\t\t\t\t<a href='https:\/\/www.kedrosvillas.gr\/wp-content\/uploads\/2024\/02\/Villa-Sea-View-1-scaled.jpg' title=\"\" data-rl_title=\"\" class=\"rl-gallery-link\" data-rl_caption=\"\" data-rel=\"lightbox-gallery-1\"><img width=\"150\" height=\"150\" src=\"https:\/\/www.kedrosvillas.gr\/wp-content\/uploads\/2024\/02\/Villa-Sea-View-1-150x150.jpg\" class=\"attachment-thumbnail size-thumbnail\" alt=\"\" decoding=\"async\" loading=\"lazy\" \/><\/a>\n\t\t\t<\/dt><\/dl><dl class='gallery-item'>\n\t\t\t<dt class='gallery-icon portrait'>\n\t\t\t\t<a href='https:\/\/www.kedrosvillas.gr\/wp-content\/uploads\/2014\/01\/Kedros_Villas_Suites_Naxos_island_Greece_01111.jpg' title=\"\" data-rl_title=\"\" class=\"rl-gallery-link\" data-rl_caption=\"\" data-rel=\"lightbox-gallery-1\"><img width=\"150\" height=\"150\" src=\"https:\/\/www.kedrosvillas.gr\/wp-content\/uploads\/2014\/01\/Kedros_Villas_Suites_Naxos_island_Greece_01111-150x150.jpg\" class=\"attachment-thumbnail size-thumbnail\" alt=\"\" decoding=\"async\" loading=\"lazy\" \/><\/a>\n\t\t\t<\/dt><\/dl><dl class='gallery-item'>\n\t\t\t<dt class='gallery-icon landscape'>\n\t\t\t\t<a href='https:\/\/www.kedrosvillas.gr\/wp-content\/uploads\/2021\/03\/drz_MG_8316-scaled.jpg' title=\"\" data-rl_title=\"\" class=\"rl-gallery-link\" data-rl_caption=\"\" data-rel=\"lightbox-gallery-1\"><img width=\"150\" height=\"150\" src=\"https:\/\/www.kedrosvillas.gr\/wp-content\/uploads\/2021\/03\/drz_MG_8316-150x150.jpg\" class=\"attachment-thumbnail size-thumbnail\" alt=\"\" decoding=\"async\" loading=\"lazy\" \/><\/a>\n\t\t\t<\/dt><\/dl><br style=\"clear: both\" \/><dl class='gallery-item'>\n\t\t\t<dt class='gallery-icon landscape'>\n\t\t\t\t<a href='https:\/\/www.kedrosvillas.gr\/wp-content\/uploads\/2024\/02\/Villa-Sea-View-2-scaled.jpg' title=\"\" data-rl_title=\"\" class=\"rl-gallery-link\" data-rl_caption=\"\" data-rel=\"lightbox-gallery-1\"><img width=\"150\" height=\"150\" src=\"https:\/\/www.kedrosvillas.gr\/wp-content\/uploads\/2024\/02\/Villa-Sea-View-2-150x150.jpg\" class=\"attachment-thumbnail size-thumbnail\" alt=\"\" decoding=\"async\" loading=\"lazy\" \/><\/a>\n\t\t\t<\/dt><\/dl><dl class='gallery-item'>\n\t\t\t<dt class='gallery-icon portrait'>\n\t\t\t\t<a href='https:\/\/www.kedrosvillas.gr\/wp-content\/uploads\/2025\/01\/20240523_114138-scaled.jpg' title=\"\" data-rl_title=\"\" class=\"rl-gallery-link\" data-rl_caption=\"\" data-rel=\"lightbox-gallery-1\"><img width=\"150\" height=\"150\" src=\"https:\/\/www.kedrosvillas.gr\/wp-content\/uploads\/2025\/01\/20240523_114138-150x150.jpg\" class=\"attachment-thumbnail size-thumbnail\" alt=\"\" decoding=\"async\" loading=\"lazy\" \/><\/a>\n\t\t\t<\/dt><\/dl><dl class='gallery-item'>\n\t\t\t<dt class='gallery-icon landscape'>\n\t\t\t\t<a href='https:\/\/www.kedrosvillas.gr\/wp-content\/uploads\/2025\/01\/20230603_104439-scaled.jpg' title=\"\" data-rl_title=\"\" class=\"rl-gallery-link\" data-rl_caption=\"\" data-rel=\"lightbox-gallery-1\"><img width=\"150\" height=\"150\" src=\"https:\/\/www.kedrosvillas.gr\/wp-content\/uploads\/2025\/01\/20230603_104439-150x150.jpg\" class=\"attachment-thumbnail size-thumbnail\" alt=\"\" decoding=\"async\" loading=\"lazy\" \/><\/a>\n\t\t\t<\/dt><\/dl><br style=\"clear: both\" \/><dl class='gallery-item'>\n\t\t\t<dt class='gallery-icon landscape'>\n\t\t\t\t<a href='https:\/\/www.kedrosvillas.gr\/wp-content\/uploads\/2021\/03\/drz_MG_8329-scaled.jpg' title=\"\" data-rl_title=\"\" class=\"rl-gallery-link\" data-rl_caption=\"\" data-rel=\"lightbox-gallery-1\"><img width=\"150\" height=\"150\" src=\"https:\/\/www.kedrosvillas.gr\/wp-content\/uploads\/2021\/03\/drz_MG_8329-150x150.jpg\" class=\"attachment-thumbnail size-thumbnail\" alt=\"\" decoding=\"async\" loading=\"lazy\" \/><\/a>\n\t\t\t<\/dt><\/dl><dl class='gallery-item'>\n\t\t\t<dt class='gallery-icon portrait'>\n\t\t\t\t<a href='https:\/\/www.kedrosvillas.gr\/wp-content\/uploads\/2024\/02\/Villa-Sea-View-8-scaled.jpg' title=\"\" data-rl_title=\"\" class=\"rl-gallery-link\" data-rl_caption=\"\" data-rel=\"lightbox-gallery-1\"><img width=\"150\" height=\"150\" src=\"https:\/\/www.kedrosvillas.gr\/wp-content\/uploads\/2024\/02\/Villa-Sea-View-8-150x150.jpg\" class=\"attachment-thumbnail size-thumbnail\" alt=\"\" decoding=\"async\" loading=\"lazy\" \/><\/a>\n\t\t\t<\/dt><\/dl><dl class='gallery-item'>\n\t\t\t<dt class='gallery-icon landscape'>\n\t\t\t\t<a href='https:\/\/www.kedrosvillas.gr\/wp-content\/uploads\/2021\/03\/drz_MG_7863-scaled.jpg' title=\"\" data-rl_title=\"\" class=\"rl-gallery-link\" data-rl_caption=\"\" data-rel=\"lightbox-gallery-1\"><img width=\"150\" height=\"150\" src=\"https:\/\/www.kedrosvillas.gr\/wp-content\/uploads\/2021\/03\/drz_MG_7863-150x150.jpg\" class=\"attachment-thumbnail size-thumbnail\" alt=\"\" decoding=\"async\" loading=\"lazy\" \/><\/a>\n\t\t\t<\/dt><\/dl><br style=\"clear: both\" \/><dl class='gallery-item'>\n\t\t\t<dt class='gallery-icon portrait'>\n\t\t\t\t<a href='https:\/\/www.kedrosvillas.gr\/wp-content\/uploads\/2021\/03\/drz_MG_7811-scaled.jpg' title=\"\" data-rl_title=\"\" class=\"rl-gallery-link\" data-rl_caption=\"\" data-rel=\"lightbox-gallery-1\"><img width=\"150\" height=\"150\" src=\"https:\/\/www.kedrosvillas.gr\/wp-content\/uploads\/2021\/03\/drz_MG_7811-150x150.jpg\" class=\"attachment-thumbnail size-thumbnail\" alt=\"\" decoding=\"async\" loading=\"lazy\" \/><\/a>\n\t\t\t<\/dt><\/dl><dl class='gallery-item'>\n\t\t\t<dt class='gallery-icon portrait'>\n\t\t\t\t<a href='https:\/\/www.kedrosvillas.gr\/wp-content\/uploads\/2021\/03\/drz_MG_7880-scaled.jpg' title=\"\" data-rl_title=\"\" class=\"rl-gallery-link\" data-rl_caption=\"\" data-rel=\"lightbox-gallery-1\"><img width=\"150\" height=\"150\" src=\"https:\/\/www.kedrosvillas.gr\/wp-content\/uploads\/2021\/03\/drz_MG_7880-150x150.jpg\" class=\"attachment-thumbnail size-thumbnail\" alt=\"\" decoding=\"async\" loading=\"lazy\" \/><\/a>\n\t\t\t<\/dt><\/dl><dl class='gallery-item'>\n\t\t\t<dt class='gallery-icon portrait'>\n\t\t\t\t<a href='https:\/\/www.kedrosvillas.gr\/wp-content\/uploads\/2014\/01\/Kedros_Villas_Suites_Naxos_island_Greece_00541.jpg' title=\"\" data-rl_title=\"\" class=\"rl-gallery-link\" data-rl_caption=\"\" data-rel=\"lightbox-gallery-1\"><img width=\"150\" height=\"150\" src=\"https:\/\/www.kedrosvillas.gr\/wp-content\/uploads\/2014\/01\/Kedros_Villas_Suites_Naxos_island_Greece_00541-150x150.jpg\" class=\"attachment-thumbnail size-thumbnail\" alt=\"\" decoding=\"async\" loading=\"lazy\" \/><\/a>\n\t\t\t<\/dt><\/dl><br style=\"clear: both\" \/><dl class='gallery-item'>\n\t\t\t<dt class='gallery-icon landscape'>\n\t\t\t\t<a href='https:\/\/www.kedrosvillas.gr\/wp-content\/uploads\/2025\/01\/View-1.jpg' title=\"\" data-rl_title=\"\" class=\"rl-gallery-link\" data-rl_caption=\"\" data-rel=\"lightbox-gallery-1\"><img width=\"150\" height=\"150\" src=\"https:\/\/www.kedrosvillas.gr\/wp-content\/uploads\/2025\/01\/View-1-150x150.jpg\" class=\"attachment-thumbnail size-thumbnail\" alt=\"\" decoding=\"async\" loading=\"lazy\" \/><\/a>\n\t\t\t<\/dt><\/dl>\n\t\t\t<br style='clear: both' \/>\n\t\t<\/div>\n\n<div id=\"gtx-trans\" style=\"position: absolute; left: 600px; top: 787px;\">\n<div class=\"gtx-trans-icon\"><\/div>\n<\/div>\n<div class=\"wp-superlike wp-superlike-align-after wp-superlike-small  \" data-id=\"7714\">\r\n\t\t\t\t\t\t\t\t<div class=\"wp-superlike-button\"><i><\/i><span>Like!<\/span><\/div>\r\n\t\t\t\t\t\t\t\t<div class=\"wp-superlike-bubble\">\r\n\t\t\t\t\t\t\t\t\t<span class=\"wp-superlike-arrow\"><\/span>\r\n\t\t\t\t\t\t\t\t\t<span class=\"wp-superlike-count\">2<\/span>\r\n\t\t\t\t\t\t\t\t<\/div><\/div><div class=\"wp-superlike-clearfix\"><\/div>","protected":false},"excerpt":{"rendered":"<p>ALLE ZIMMERTYPEN ANZEIGEN Doppelst\u00f6ckig. Im oberen Stock gibt es ein Schlafzimmer mit Doppelbett, ein\u00a0Badezimmer und einen Balkon mit Pergola und Meerblick. Im Erdgeschoss gibt es einen Wohn-\/K\u00fcchenbereich mit Schlafcouch und W.C. Terrasse mit Pergola im Garten. Aufenthaltsm\u00f6glichkeiten: ein Schlafzimmer mit Doppelbett, eine&#46;&#46;&#46; <a href=\"https:\/\/www.kedrosvillas.gr\/de\/villen-naxos-griechenland\/\" class=\"more\">(more)<\/a><\/p>\n","protected":false},"author":2,"featured_media":0,"parent":0,"menu_order":59,"comment_status":"closed","ping_status":"closed","template":"","meta":{"_links_to":"","_links_to_type":0},"_links":{"self":[{"href":"https:\/\/www.kedrosvillas.gr\/de\/wp-json\/wp\/v2\/pages\/7714"}],"collection":[{"href":"https:\/\/www.kedrosvillas.gr\/de\/wp-json\/wp\/v2\/pages"}],"about":[{"href":"https:\/\/www.kedrosvillas.gr\/de\/wp-json\/wp\/v2\/types\/page"}],"author":[{"embeddable":true,"href":"https:\/\/www.kedrosvillas.gr\/de\/wp-json\/wp\/v2\/users\/2"}],"replies":[{"embeddable":true,"href":"https:\/\/www.kedrosvillas.gr\/de\/wp-json\/wp\/v2\/comments?post=7714"}],"version-history":[{"count":29,"href":"https:\/\/www.kedrosvillas.gr\/de\/wp-json\/wp\/v2\/pages\/7714\/revisions"}],"predecessor-version":[{"id":34901,"href":"https:\/\/www.kedrosvillas.gr\/de\/wp-json\/wp\/v2\/pages\/7714\/revisions\/34901"}],"wp:attachment":[{"href":"https:\/\/www.kedrosvillas.gr\/de\/wp-json\/wp\/v2\/media?parent=7714"}],"curies":[{"name":"wp","href":"https:\/\/api.w.org\/{rel}","templated":true}]}}