{"id":6313,"date":"2014-01-09T13:42:49","date_gmt":"2014-01-09T13:42:49","guid":{"rendered":"http:\/\/www.kedrosvillas.gr\/location-access-2\/"},"modified":"2014-12-17T19:58:52","modified_gmt":"2014-12-17T19:58:52","slug":"lage-und-anreise","status":"publish","type":"page","link":"https:\/\/www.kedrosvillas.gr\/de\/lage-und-anreise\/","title":{"rendered":"LAGE UND ANREISE"},"content":{"rendered":"<p>Naxos ist die gr\u00f6\u00dfte Insel des Archipelago der Kykladen mit einer Fl\u00e4che von 448 km\u00b2 ein Ort der Gebirge, T\u00e4ler, gr\u00fcner Ebenen, malerischer D\u00f6rfer und endlosen Sandstr\u00e4nde. Kedros Villas befindet sich zwischen den Str\u00fcnden von Stelida und Agios Prokopios.<\/p>\n<div id=\"gmapfp\">\n<div>\n<div id=\"content\">\n<div id=\"content_main\">\n<div>\n<p align=\"justify\"><b>Click to view the ferry and flight timetables for 2014<\/b>:<\/p>\n<p><a href=\"http:\/\/www.bluestarferries.com\/site\/content.asp?sel=624&amp;loc=2\" target=\"_blank\">Blue Star Ferries<\/a><br \/>\n<a href=\"http:\/\/www.hellenicseaways.gr\/index.php\/en\/info\/dromologia-navlologia\/cyclades\" target=\"_blank\">Hellenic Seaways<\/a><br \/>\n<a href=\"http:\/\/www.seajets.gr\/htm\/Page.aspx?menuID=4&amp;cul=de\" target=\"_blank\">Sea Jets<\/a><br \/>\n<a href=\"http:\/\/www.olympicair.com\/\" target=\"_blank\">Olympic Air<\/a><\/p>\n<p><a href=\"http:\/\/www.kedrosvillas.gr\/wp-content\/uploads\/2014\/12\/LOCATION_DE.pdf\" target=\"_blank\">DOWNLOAD LOCATION &amp; ACCESS INFORMATION<\/a><\/p>\n<div class=\"topmargin\">\n<p><b>Wie erreichen Sie Naxos<\/b><\/p>\n<p><b>Mit dem Schiff:<\/b><\/p>\n<\/div>\n<p>es gibt viele Fahrpl\u00e4ne vom Pir\u00e4us Hafen und den umliegenden Inseln. Die Reise mit dem Schnellschiff aus Pir\u00e4us dauert 3,5 Stunden und mit dem normalen Schiff 5,5 Stunden. Naxos verbindet sich mit Paros, Santorini, Mykonos, die kleinen Kykladen (Donusa, Heraklia, Koufonisia, Schinusa), Amorgos, Ios, Sikinos, Folegandros, Syros, Tinos, Milos, Astipalea.<br \/>\nOnline Ticketbuchung:\u00a0<a href=\"http:\/\/www.greekferries.gr\/\" target=\"_blank\">www.greekferries.gr<\/a><br \/>\nBlue Star Ferries:\u00a0<a href=\"http:\/\/www.bluestarferries.com\/\" target=\"_blank\">www.bluestarferries.com<\/a><br \/>\nHellenic Seaways:\u00a0<a href=\"http:\/\/www.hellenicseaways.gr\/\" target=\"_blank\">www.hellenicseaways.gr<\/a><br \/>\nSea Jets:\u00a0<a href=\"http:\/\/www.seajets.gr\/\" target=\"_blank\">www.seajets.gr<\/a><br \/>\nNel Lines:\u00a0<a href=\"http:\/\/www.nel.gr\/\" target=\"_blank\">www.nel.gr<\/a><br \/>\n<a href=\"http:\/\/www.aia.gr\/en\/traveler\/access-and-transportation\/transportation\/public-transportation\" target=\"_blank\">Transport vom\/zum Internationalen Flughafen von Athen \u201cEleftherios Venizelos\u201d (ATH)<\/a><\/p>\n<p><b>Mit dem Flugzeug:<\/b>\u00a0Naxos verbindet sich mit Athen mit dem Flugzeug durch Olympic Air. Die Reise hat eine Dauer von nur 45 Minuten. Online Ticketbuchung:\u00a0<a href=\"http:\/\/www.olympicair.com\/\" target=\"_blank\" data-cke-saved-href=\"http:\/\/www.olympicair.com\/\">www.olympicair.com<\/a><br \/>\nInternationaler Flughafen von Athen (ATH):\u00a0<a href=\"http:\/\/www.aia.gr\/\" target=\"_blank\" data-cke-saved-href=\"http:\/\/www.aia.gr\/\">www.aia.gr<\/a><br \/>\nStaatlicher Flughafen von Naxos (JNX): Tel. <span class=\"skype_c2c_print_container\">+302285023292 |\u00a0<\/span><span class=\"skype_c2c_container\" dir=\"ltr\" tabindex=\"-1\" onmouseover=\"SkypeClick2Call.MenuInjectionHandler.showMenu(this, event)\" onmouseout=\"SkypeClick2Call.MenuInjectionHandler.hideMenu(event)\"><span class=\"skype_c2c_highlighting_inactive_common\" dir=\"ltr\"><span class=\"skype_c2c_textarea_span\"><span class=\"skype_c2c_text_span\">+302285023292<\/span><\/span><\/span><\/span><\/p>\n<p><b>Wie erreichen Sie Kedros Villas<\/b><\/p>\n<p><b>Mit dem Auto<br \/>\n<\/b><\/p>\n<p><b>Vom Hafen:<\/b>\u00a0Sie folgen die Schilder nach Agios Prokopios. An der Kreuzung, wo der Weg nach Stelida f\u00fchrt, biegen Sie nach links Richtung Agios Prokopios ab. Nach 550 m sehen Sie Kedros Villas.<\/p>\n<p><b>Vom Flughafen:\u00a0<\/b>Sie folgen den Weg nach links. An der ersten Kreuzung biegen Sie nach Links Richtung Agios Prokopios und an der n\u00e4chsten Kreuzung auch nach links in der selben Richtung. Nach 550 m sehen Sie Kedros Villas.<\/p>\n<p><b>By taxi from the port or airport<br \/>\n<\/b><\/p>\n<p>Taxi costs 10-12 \u20ac per one way trip.<br \/>\nRadio Taxi Associations (24 hours): tel. <span class=\"skype_c2c_print_container\">+302285022444 |\u00a0<\/span><span class=\"skype_c2c_container\" dir=\"ltr\" tabindex=\"-1\" onmouseover=\"SkypeClick2Call.MenuInjectionHandler.showMenu(this, event)\" onmouseout=\"SkypeClick2Call.MenuInjectionHandler.hideMenu(event)\"><span class=\"skype_c2c_highlighting_inactive_common\" dir=\"ltr\"><span class=\"skype_c2c_textarea_span\"><span class=\"skype_c2c_text_span\">+302285022444<\/span><\/span><\/span><\/span> and <span class=\"skype_c2c_print_container\">+302285024331 |\u00a0<\/span><span class=\"skype_c2c_container\" dir=\"ltr\" tabindex=\"-1\" onmouseover=\"SkypeClick2Call.MenuInjectionHandler.showMenu(this, event)\" onmouseout=\"SkypeClick2Call.MenuInjectionHandler.hideMenu(event)\"><span class=\"skype_c2c_highlighting_inactive_common\" dir=\"ltr\"><span class=\"skype_c2c_textarea_span\"><span class=\"skype_c2c_text_span\">+302285024331<\/span><\/span><\/span><\/span>.<br \/>\nTaxi pick-up can also be arranged through our reception.<\/p>\n<p><b>By bus from the port<\/b><\/p>\n<p>Bus towards Agios Procopios or Agia Anna or Plaka &#8211; driver must be informed of drop off before departure. Tickets are available from the bus office which is located across the bus station. Ticket costs 1.60 \u20ac per person; children under six travel free.<br \/>\nBus timetables can be viewed\u00a0<a href=\"http:\/\/www.naxosdestinations.com\/naxos-ktel-destinations.html\" target=\"_blank\">here<\/a>\u00a0(click image to pop up).<br \/>\nBus ticket office: tel. <span class=\"skype_c2c_print_container\">+302285022291<\/span><span class=\"skype_c2c_container\" dir=\"ltr\" tabindex=\"-1\" onmouseover=\"SkypeClick2Call.MenuInjectionHandler.showMenu(this, event)\" onmouseout=\"SkypeClick2Call.MenuInjectionHandler.hideMenu(event)\"><span class=\"skype_c2c_highlighting_inactive_common\" dir=\"ltr\"><span class=\"skype_c2c_textarea_span\"><img decoding=\"async\" class=\"skype_c2c_logo_img\" alt=\"\" src=\"resource:\/\/skype_ff_extension-at-jetpack\/skype_ff_extension\/data\/call_skype_logo.png\" \/><span class=\"skype_c2c_text_span\">+302285022291<\/span><\/span><\/span><\/span>.<\/p>\n<p><strong>\u00a0<span style=\"font-size: 1.17em; line-height: 1.5em;\">Entfernungen von Kedros Villas<\/span><\/strong><\/p>\n<\/div>\n<\/div>\n<\/div>\n<div id=\"right\">\n<ul>\n<li>Hafen: 4,6 km<\/li>\n<li>Staatlicher Flughafen von Naxos (JNX): 2,2 km<\/li>\n<li>N\u00e1xos-Stadt\/Hora (Stadtzentrum): 3,8 km<\/li>\n<li>Marina (N\u00e1xos-Stadt): 4,4 km<\/li>\n<li>Bushaltestelle: am Eingang des Landesgutes<\/li>\n<li>Strand von Stelida (&#8218;Laguna&#8216;): 550 m<\/li>\n<li>Strand von Aghios Prok\u00f3pios: 1,2 km<\/li>\n<li>Strand von Aghia Anna: 1,5 km<\/li>\n<li>Strand von Plaka: 2,8 km<\/li>\n<li>Siedlung von Aghios Prokopios: 1 km<\/li>\n<li>Wasserrutsche: 250 m<\/li>\n<li>Tankstelle: 900 m<\/li>\n<li>Supermarkt: 1 km<\/li>\n<li>Geldautomat: 1,1 km<\/li>\n<li>Apotheke: 1,1 km<\/li>\n<li>Restaurants, Tavernen, Caf\u00e9s: 1,2 km<\/li>\n<\/ul>\n<\/div>\n<\/div>\n<\/div>\n<div class=\"skype_c2c_menu_container\" id=\"skype_c2c_menu_container\" style=\"display: none;\" onmouseover=\"SkypeClick2Call.MenuInjectionHandler.showMenu(this, event)\" onmouseout=\"SkypeClick2Call.MenuInjectionHandler.hideMenu(event)\">\n<div class=\"skype_c2c_menu_click2call\"><a class=\"skype_c2c_menu_click2call_action\" id=\"skype_c2c_menu_click2call_action\"><\/a>Call<\/div>\n<div class=\"skype_c2c_menu_click2sms\"><a class=\"skype_c2c_menu_click2sms_action\" id=\"skype_c2c_menu_click2sms_action\"><\/a>Send SMS<\/div>\n<div class=\"skype_c2c_menu_add2skype\"><a class=\"skype_c2c_menu_add2skype_text\" id=\"skype_c2c_menu_add2skype_text\"><\/a>Add to Skype<\/div>\n<div class=\"skype_c2c_menu_toll_info\"><span class=\"skype_c2c_menu_toll_callcredit\">You&#8217;ll need Skype Credit<\/span><span class=\"skype_c2c_menu_toll_free\">Free via Skype<\/span><\/div>\n<\/div>\n<div class=\"wp-superlike wp-superlike-align-after wp-superlike-small  \" data-id=\"6313\">\r\n\t\t\t\t\t\t\t\t<div class=\"wp-superlike-button\"><i><\/i><span>Like!<\/span><\/div>\r\n\t\t\t\t\t\t\t\t<div class=\"wp-superlike-bubble\">\r\n\t\t\t\t\t\t\t\t\t<span class=\"wp-superlike-arrow\"><\/span>\r\n\t\t\t\t\t\t\t\t\t<span class=\"wp-superlike-count\">0<\/span>\r\n\t\t\t\t\t\t\t\t<\/div><\/div><div class=\"wp-superlike-clearfix\"><\/div>","protected":false},"excerpt":{"rendered":"<p>Naxos ist die gr\u00f6\u00dfte Insel des Archipelago der Kykladen mit einer Fl\u00e4che von 448 km\u00b2 ein Ort der Gebirge, T\u00e4ler, gr\u00fcner Ebenen, malerischer D\u00f6rfer und endlosen Sandstr\u00e4nde. Kedros Villas befindet sich zwischen den Str\u00fcnden von Stelida und Agios Prokopios. Click to view&#46;&#46;&#46; <a href=\"https:\/\/www.kedrosvillas.gr\/de\/lage-und-anreise\/\" class=\"more\">(more)<\/a><\/p>\n","protected":false},"author":1,"featured_media":0,"parent":0,"menu_order":119,"comment_status":"closed","ping_status":"closed","template":"template-page.php","meta":{"_links_to":"","_links_to_type":0},"_links":{"self":[{"href":"https:\/\/www.kedrosvillas.gr\/de\/wp-json\/wp\/v2\/pages\/6313"}],"collection":[{"href":"https:\/\/www.kedrosvillas.gr\/de\/wp-json\/wp\/v2\/pages"}],"about":[{"href":"https:\/\/www.kedrosvillas.gr\/de\/wp-json\/wp\/v2\/types\/page"}],"author":[{"embeddable":true,"href":"https:\/\/www.kedrosvillas.gr\/de\/wp-json\/wp\/v2\/users\/1"}],"replies":[{"embeddable":true,"href":"https:\/\/www.kedrosvillas.gr\/de\/wp-json\/wp\/v2\/comments?post=6313"}],"version-history":[{"count":6,"href":"https:\/\/www.kedrosvillas.gr\/de\/wp-json\/wp\/v2\/pages\/6313\/revisions"}],"predecessor-version":[{"id":7303,"href":"https:\/\/www.kedrosvillas.gr\/de\/wp-json\/wp\/v2\/pages\/6313\/revisions\/7303"}],"wp:attachment":[{"href":"https:\/\/www.kedrosvillas.gr\/de\/wp-json\/wp\/v2\/media?parent=6313"}],"curies":[{"name":"wp","href":"https:\/\/api.w.org\/{rel}","templated":true}]}}