{"id":6298,"date":"2014-01-09T13:43:22","date_gmt":"2014-01-09T13:43:22","guid":{"rendered":"http:\/\/www.kedrosvillas.gr\/naxos-island-2\/"},"modified":"2024-01-24T12:23:39","modified_gmt":"2024-01-24T12:23:39","slug":"naxos-geschichte","status":"publish","type":"page","link":"https:\/\/www.kedrosvillas.gr\/de\/naxos-geschichte\/","title":{"rendered":"NAXOS GESCHICHTE"},"content":{"rendered":"<p><a href=\"https:\/\/news.kedrosvillas.gr\/activities-naxos\/\" target=\"_blank\" rel=\"noopener\"><strong>Alle Aktivit\u00e4ten auf Naxos<\/strong><\/a><\/p>\n<p>Die Wichtigkeit von Naxos ist in der langen Geschichte nicht nur fundamental, sondern auch gestalterisch, sowohl f\u00fcr die Kykladen, als auch f\u00fcr ganzes Griechenland. Sie war immer aus vielen Gr\u00fcnden ber\u00fchmt: der gro\u00dfen Quantit\u00e4t des exportierten Marmors, ihrem Schmirgel, ihren vielen Quellen, ihren reichen G\u00e4rten, der Sch\u00f6nheit ihrer T\u00e4ler, den Oliveng\u00e4rten, den Orangenb\u00e4umen, den Zitronenb\u00e4umen, ihren Zitronatzitronen, den Weinreben und dem ber\u00fchmten Wein, der Viehzucht und ihren K\u00e4sen, aber auch dem Salz!<\/p>\n<p>Au\u00dferdem blieb sie wegen der Isolation, die ihr das Meer bietet, originell, auergew\u00f6hnlich, unterschiedlich, autonom. Pindar nennt Naxos satt und Herodot sichert, dass Naxos die gl\u00fccklichste aller Insel war. Archilochos von Paros vergleicht Naxos Wein mit dem Nektar, den die G\u00f6tter tranken.<\/p>\n<p>Der Gott, der sich schlechthin mit Naxos verbindet, its Dionysos, der die wohltuende M\u00e4chte der Natur verk\u00f6rperte. Er war auf Naxos geboren und gewachsen und dort hat er Ariadne verheiratet, nachdem sie Theseus verlassen hat. Ihre Ehe mit dem Gott und auch ihr Tod, der auf ihre Auferstehung deute, wurden auf der Insel sehr gefeiert, weil sie mit der Reifung und der Auferstehung der Natur im Zusammenhang stand.<\/p>\n<p>Naxos ist ab 4er Jahrtausend v.C. bis heute ununterbrochen bewohnt. Die Studie der Ortsnamen best\u00e4tigt, dass Naxos im Gegensatz zu den anderen Inseln des \u00c4g\u00e4ischen Meers immer Bewohner hatte und dass in allen Gebieten der Insel, an der K\u00fcstenzone, auf die Bergen und in den Talen, die selben Menschen seit der Antike leben, die sich nat\u00fcrlich neu organisieren, indem sie die Kraft haben, die Fremden zu assimilieren, die sich von Zeit zu Zeit, friedlich oder mit der Macht der Waffen, auf der Insel niedergelassen waren. Es gab also immer auf der Insel eine Organisation in enger Beziehung mit den Bedingungen der Produktion und Reproduktion des Lebens.<\/p>\n<p>Es ist Wert einige Ortsnamen zu nennen, die keine Zweifel f\u00fcr die Geschichte mancher Siedlungen oder f\u00fcr die Verehrung von Helden oder G\u00f6tter lassen, die heute nicht existieren k\u00f6nnten, wenn die Insel einmal entv\u00f6lkert w\u00fcrde, wenn ihre Bewohner weg w\u00e4ren und neue Bewohner ihrer Platz n\u00e4hmen.<\/p>\n<p>Der h\u00f6chste Gipfel auf Naxos hei\u00dft \u201eMiti tu Sa\u201c &#8211; Die Nase von Zeus-, das hei\u00dft, dass er die Name der Vater aller G\u00f6tter und Menschen hat, und vielleicht hatte er die selbe Name auch in der Antike, weil damals dort Zeus verehrt wurde. Das l\u00e4sst sich auch von dem Inschrift auf unverarbeitetem Marmor sehen, der sich auf dem Weg nach dem Gipfel befindet. Der Inschrift hei\u00dft \u201eSefs Milosios\u201c, der Besch\u00fctzer der Schaffen, und definiert die Grenzen des dem gro\u00dfen Gott gewidmeten Heiligtums.<\/p>\n<p>Am Nord-\u00d6stlichen Teil der Insel hei\u00dft ein Ankerplatz Apollon und es ist m\u00f6glich, dass er so auch in der Antike nannte, weil ein Inschrift auch dort gefunden wurde, der die Grenzen des dem Gott des Lichtes gewidmeten Heiligtums definiert. Apollon war eng mit Naxos verbunden und wurde als Ziegenbock, Florist oder Hirt verehrt.<\/p>\n<p>Am Sud-\u00d6stlichen Teil der Insel liegt Panermos, ein Hafen, der mit dem selben Artikel und mit sehr \u00e4hnlicher Name, Panormos, auf einem antikem Inschrift erw\u00e4hnt wird. K\u00fcstengebiete hei\u00dfen Orkos und der Sand von Orkos (tu Orku i Ammos), weil sie in der Antike als \u201eolki\u201c genutzt wurden, das hei\u00dft als Orte fur den Stapellauf der Schiffe. Das Dorf Melanes wird auf einem antikem Inschrift als Melan erw\u00e4hnt und die D\u00f6rfer Chalki und Kerami sollen in der Antike Werkst\u00e4tte f\u00fcr die Verarbeitung von Kupfer und Ton sein. Arsos in Aperathu ist ein kleiner Wald, ein Heiligtum in der Wald, kleineren G\u00f6ttern oder Nymphen gewidmet. Auch in Aperathu Demos ist eine Name, die zeigt, dass es in der Antike eine nennenswerte Siedlung gab, und Afikli zeigt den heiligen Raum dem Helden Ifikleus gewidmet, dessen Mutter auch Herkules geboren hatte. Endlich steht das Dorf Skado mit \u201eischades\u201c in Beziehung, das hei\u00dft mit den Feigen, die in der Antike sehr beliebt waren.<\/p>\n<p>Die ersten Bewohner Naxos sollen die Thrakern sein. Der erste Bewohner war Vutis der Sohn von Voreus, der Frauen f\u00fcr seine Kenraden finden wollte. Er war nach Thessalien gereist, wo er die Bakchen gejagt hatte und unter anderen Koronida und Ifimedea gestohlen und ihnen auf Naxos gebracht hatte. Nach der Tradition haben die Thraker mehr als zwei hundert Jahren auf der Insel geherrscht. Sie wurden von den Karern nachgefolgt. Sie kamen aus den Kleinasien an und sie hatten Naxos als Leiter, der seine Name der Insel auferlegt hatte.<\/p>\n<p>Auf Naxos wurde die Plastik und vielleicht auch die Architektur geboren. In den Mundarten der Isel \u00fcberleben und werden Elementen aus der Zeit von Homer genutzt.<\/p>\n<p>Die byzantinischen Zeiten auf Naxos enden nicht mit der Eroberung Konstantinoples im 1204 von der Armee des Vierten Kreuzungs, von der Eroberung der Kykladen im 1207 vom Venezianen Marco Sanudo und die Gr\u00fcndung der lateinischen Herrschaft mit Naxos als Hauptstadt. Die Bewohner erhalten in dieser neue Kolonialgesellschaft ihre Gewohnheiten, die von den regeln der Byzantion ausgingen, und sie entwickeln sich in kombination zu den neuen vom Westen angebrachten Institutionen, um das ber\u00fchmte Gewohnheitsrecht der Insel zu schaffen. Nebenbei f\u00fchren die Bewohner durch die kirchliche Tradition die Byzantion weiter.<\/p>\n<p>In 1536-66 f\u00e4ngt die Periode der T\u00fcrkenherrschaft an. Die T\u00fcrken haben sich aber nicht auf der Insel niedergelassen, nur weinige von ihnen: ihr einzelnes Interesse war die Steuereinziehung. Die lateinische Herrschaft aber dauert bis die Revolution in 1821.<\/p>\n<p>Eine Kultur auf eine andere. Jede neue Kultur versucht auf die andere zu herrschen, indem sie die vorhergehende st\u00fcrzt, und sie benutzt ihre Materialien, leiht ihre Elemente aus, nimmt Mentalit\u00e4ten an. Und auf diese Weise existiert jede Kultur bis heute. Naxos ist ein greifbares Beispiel.<\/p>\n<p><em>F\u00fcr weitere Artikel \u00fcber Naxos besuchen Sie <a href=\"https:\/\/news.kedrosvillas.gr\/\" target=\"_blank\" rel=\"noopener\">unseren Blog<\/a>.<\/em><\/p>\n<div class=\"wp-superlike wp-superlike-align-after wp-superlike-small  \" data-id=\"6298\">\r\n\t\t\t\t\t\t\t\t<div class=\"wp-superlike-button\"><i><\/i><span>Like!<\/span><\/div>\r\n\t\t\t\t\t\t\t\t<div class=\"wp-superlike-bubble\">\r\n\t\t\t\t\t\t\t\t\t<span class=\"wp-superlike-arrow\"><\/span>\r\n\t\t\t\t\t\t\t\t\t<span class=\"wp-superlike-count\">0<\/span>\r\n\t\t\t\t\t\t\t\t<\/div><\/div><div class=\"wp-superlike-clearfix\"><\/div>","protected":false},"excerpt":{"rendered":"<p>Alle Aktivit\u00e4ten auf Naxos Die Wichtigkeit von Naxos ist in der langen Geschichte nicht nur fundamental, sondern auch gestalterisch, sowohl f\u00fcr die Kykladen, als auch f\u00fcr ganzes Griechenland. Sie war immer aus vielen Gr\u00fcnden ber\u00fchmt: der gro\u00dfen Quantit\u00e4t des exportierten Marmors, ihrem&#46;&#46;&#46; <a href=\"https:\/\/www.kedrosvillas.gr\/de\/naxos-geschichte\/\" class=\"more\">(more)<\/a><\/p>\n","protected":false},"author":1,"featured_media":0,"parent":0,"menu_order":140,"comment_status":"closed","ping_status":"closed","template":"","meta":{"_links_to":"","_links_to_type":0},"_links":{"self":[{"href":"https:\/\/www.kedrosvillas.gr\/de\/wp-json\/wp\/v2\/pages\/6298"}],"collection":[{"href":"https:\/\/www.kedrosvillas.gr\/de\/wp-json\/wp\/v2\/pages"}],"about":[{"href":"https:\/\/www.kedrosvillas.gr\/de\/wp-json\/wp\/v2\/types\/page"}],"author":[{"embeddable":true,"href":"https:\/\/www.kedrosvillas.gr\/de\/wp-json\/wp\/v2\/users\/1"}],"replies":[{"embeddable":true,"href":"https:\/\/www.kedrosvillas.gr\/de\/wp-json\/wp\/v2\/comments?post=6298"}],"version-history":[{"count":7,"href":"https:\/\/www.kedrosvillas.gr\/de\/wp-json\/wp\/v2\/pages\/6298\/revisions"}],"predecessor-version":[{"id":31086,"href":"https:\/\/www.kedrosvillas.gr\/de\/wp-json\/wp\/v2\/pages\/6298\/revisions\/31086"}],"wp:attachment":[{"href":"https:\/\/www.kedrosvillas.gr\/de\/wp-json\/wp\/v2\/media?parent=6298"}],"curies":[{"name":"wp","href":"https:\/\/api.w.org\/{rel}","templated":true}]}}