{"id":6283,"date":"2014-01-09T13:39:35","date_gmt":"2014-01-09T13:39:35","guid":{"rendered":"http:\/\/www.kedrosvillas.gr\/facilities-services-2\/"},"modified":"2021-04-08T10:48:55","modified_gmt":"2021-04-08T10:48:55","slug":"einrichtungen-dienste","status":"publish","type":"page","link":"https:\/\/www.kedrosvillas.gr\/de\/einrichtungen-dienste\/","title":{"rendered":"EINRICHTUNGEN &#038; DIENSTE"},"content":{"rendered":"<ul>\n<li>Fr\u00fchst\u00fcck: zubereitet meistens aus einheimischen biologischen Produkten<\/li>\n<li>200 qm Schwimmbad (20m x 10m)<\/li>\n<li>Handt\u00fccher f\u00fcr das Schwimmbad<\/li>\n<li>Pool-\/Snackbar<\/li>\n<li>Zimmerservice<\/li>\n<li>Grillplatz am Poolbereich<\/li>\n<li>Privatparkplatz<\/li>\n<li>Spielplatz an einem gesonderten Ort f\u00fcr unsere kleinen G\u00e4ste<\/li>\n<li>Rezeption<\/li>\n<li>Internet-Ecke<\/li>\n<li>Drucken, Kopieren, Scannen, Faxen<\/li>\n<li>Postdienst<\/li>\n<li>Weckdienst<\/li>\n<\/ul>\n<p><strong> Auf Anfrage:<\/strong><\/p>\n<ul>\n<li>Early Check-In und Late Check-Out (je nach Verf\u00fcgbarkeit)<\/li>\n<li>W\u00e4sche- und B\u00fcgelservice, Textilreinigungsservice<\/li>\n<li>Arzt<\/li>\n<li>Babysitting<\/li>\n<li>Friseur<\/li>\n<li>Visagist<\/li>\n<li>Massage<\/li>\n<\/ul>\n<p><strong>Versorgung und Service der H\u00e4user:<\/strong><\/p>\n<ul>\n<li>T\u00e4gliche Reinigung<\/li>\n<li>Handt\u00fccher f\u00fcr das Bad, Badem\u00e4ntel, Pantoffeln<\/li>\n<li>F\u00f6hn<\/li>\n<li>Kissenmen\u00fc<\/li>\n<li>Korres K\u00f6rperpflege Produkte<\/li>\n<li>Kinderbett, Bettgitter, Kindersessel (auf Anfrage)<\/li>\n<li>Vollst\u00e4ndig ausgestattete K\u00fcche (Herd, Ofen, K\u00fchlschrank, kleine Sp\u00fclmaschine, Kaffemaschine, Wasserkocher, elektrische Saftpresse, Toaster sowie eine volle Ausstattung an Kochutensilien)<\/li>\n<li>Vollst\u00e4ndig klimatisierten<\/li>\n<li>Individuelle Regelung von Heizung<\/li>\n<li>Direktwahltelefon<\/li>\n<li>W-LAN Internetzugang<\/li>\n<li>Elektronischer Safe<\/li>\n<li>Satelliten-TV (Flachbildschirm)<\/li>\n<li>DVD\/CD-Player (auf Anfrage)<\/li>\n<\/ul>\n<p><strong> Die Rezeption steht Ihnen offen f\u00fcr:<\/strong><\/p>\n<ul>\n<li>Informationen \u00fcber Ihren Aufenthalt<\/li>\n<li>Auto-, Motorrad- und Fahrradvermietung<\/li>\n<li>Sportaktivit\u00e4ten (Reiten, Windsurfing, Kitesurfing, Tauchen, u.s.w.)<\/li>\n<li>Taxiruf, Buchung von Flug- und Schifftickets<\/li>\n<li>das Programm der kulturellen Veranstaltungen<\/li>\n<li>Tagesausfl\u00fcge auf Naxos und die umliegenden Insel, zu den fantastischen Str\u00e4nden, Kastren und kleinen Siedlungen mit famili\u00e4ren Tavernen und Hausmannskost f\u00fcr unvergessliche Ferien.<\/li>\n<\/ul>\n<div class=\"wp-superlike wp-superlike-align-after wp-superlike-small  \" data-id=\"6283\">\r\n\t\t\t\t\t\t\t\t<div class=\"wp-superlike-button\"><i><\/i><span>Like!<\/span><\/div>\r\n\t\t\t\t\t\t\t\t<div class=\"wp-superlike-bubble\">\r\n\t\t\t\t\t\t\t\t\t<span class=\"wp-superlike-arrow\"><\/span>\r\n\t\t\t\t\t\t\t\t\t<span class=\"wp-superlike-count\">0<\/span>\r\n\t\t\t\t\t\t\t\t<\/div><\/div><div class=\"wp-superlike-clearfix\"><\/div>","protected":false},"excerpt":{"rendered":"<p>Fr\u00fchst\u00fcck: zubereitet meistens aus einheimischen biologischen Produkten 200 qm Schwimmbad (20m x 10m) Handt\u00fccher f\u00fcr das Schwimmbad Pool-\/Snackbar Zimmerservice Grillplatz am Poolbereich Privatparkplatz Spielplatz an einem gesonderten Ort f\u00fcr unsere kleinen G\u00e4ste Rezeption Internet-Ecke Drucken, Kopieren, Scannen, Faxen Postdienst Weckdienst Auf Anfrage:&#46;&#46;&#46; <a href=\"https:\/\/www.kedrosvillas.gr\/de\/einrichtungen-dienste\/\" class=\"more\">(more)<\/a><\/p>\n","protected":false},"author":2,"featured_media":0,"parent":0,"menu_order":126,"comment_status":"closed","ping_status":"closed","template":"","meta":{"_links_to":"","_links_to_type":0},"_links":{"self":[{"href":"https:\/\/www.kedrosvillas.gr\/de\/wp-json\/wp\/v2\/pages\/6283"}],"collection":[{"href":"https:\/\/www.kedrosvillas.gr\/de\/wp-json\/wp\/v2\/pages"}],"about":[{"href":"https:\/\/www.kedrosvillas.gr\/de\/wp-json\/wp\/v2\/types\/page"}],"author":[{"embeddable":true,"href":"https:\/\/www.kedrosvillas.gr\/de\/wp-json\/wp\/v2\/users\/2"}],"replies":[{"embeddable":true,"href":"https:\/\/www.kedrosvillas.gr\/de\/wp-json\/wp\/v2\/comments?post=6283"}],"version-history":[{"count":18,"href":"https:\/\/www.kedrosvillas.gr\/de\/wp-json\/wp\/v2\/pages\/6283\/revisions"}],"predecessor-version":[{"id":12866,"href":"https:\/\/www.kedrosvillas.gr\/de\/wp-json\/wp\/v2\/pages\/6283\/revisions\/12866"}],"wp:attachment":[{"href":"https:\/\/www.kedrosvillas.gr\/de\/wp-json\/wp\/v2\/media?parent=6283"}],"curies":[{"name":"wp","href":"https:\/\/api.w.org\/{rel}","templated":true}]}}