{"id":6252,"date":"2014-01-09T13:27:38","date_gmt":"2014-01-09T13:27:38","guid":{"rendered":"http:\/\/www.kedrosvillas.gr\/double-bedroom-and-twin-2\/"},"modified":"2022-12-02T20:11:58","modified_gmt":"2022-12-02T20:11:58","slug":"familien-apartment-naxos-griechenland","status":"publish","type":"page","link":"https:\/\/www.kedrosvillas.gr\/de\/familien-apartment-naxos-griechenland\/","title":{"rendered":"FAMILY SUITE MIT MEERBLICK"},"content":{"rendered":"<p><a href=\"https:\/\/kedrosvillas.reserve-online.net\/?lang=DE&amp;room=VIOLET\" target=\"_blank\" rel=\"noopener\"><img decoding=\"async\" loading=\"lazy\" class=\"alignnone wp-image-7607\" src=\"http:\/\/www.kedrosvillas.gr\/wp-content\/uploads\/2016\/04\/book-now_de2.jpg\" alt=\"chck-prices-A\" width=\"270\" height=\"36\" \/><\/a><\/p>\n<p><strong><a href=\"https:\/\/www.kedrosvillas.gr\/de\/villen-suiten-naxos\/\">ALLE ZIMMERTYPEN ANZEIGEN<\/a><\/strong><\/p>\n<p><strong>Freistehendes Haus auf den ersten Stock<\/strong> mit weitem Blick. Es besteht aus einem Wohn-\/K\u00fcchenbereich, einem Schlafzimmer mit Doppelbett, einem Zweibettzimmer und einem Badezimmer mit Jacuzzi. N\u00f6rdlich f\u00fchrt sie zu einem gro\u00dfen Terrasse mit Blick aufs Meer und s\u00fcdlich zu einer Veranda mit Esstisch mit Blick auf die Zedern und die G\u00e4rten des Landgutes.<\/p>\n<p><strong>Aufenthaltsm\u00f6glichkeiten:<\/strong> ein Schlafzimmer mit Doppelbett, ein Zweibettzimmer<br \/>\n<strong>Badezimmer:<\/strong> ein Badezimmer mit Hydromassage<br \/>\n<strong>Kapazit\u00e4t:<\/strong> 3 Erwachsene und 1 Kind<br \/>\n<strong>Wohnfl\u00e4che:<\/strong> 54 qm<\/p>\n<p><strong><strong><strong>Wohnungsausstattung<\/strong><\/strong><\/strong><\/p>\n<ul class=\"lista\">\n<li>Badewanne mit Hydromassage<\/li>\n<li>Bettgitter (auf Anfrage)<\/li>\n<li>B\u00fcgeleisen und B\u00fcgelbrett (auf Anfrage)<\/li>\n<li>Direktwahltelefon<\/li>\n<li>Elektronischer Safe<\/li>\n<li>F\u00f6hn<\/li>\n<li>Kinderbett (auf Anfrage)<\/li>\n<li>Kindersessel (auf Anfrage)<\/li>\n<li>Kissenmen\u00fc<\/li>\n<li>Korres K\u00f6rperpflege Produkte<\/li>\n<li>Luxuri\u00f6se Bettw\u00e4sche und Baumwollt\u00fccher h\u00f6chster Qualit\u00e4t<\/li>\n<li>Pool\/Strandt\u00fccher<\/li>\n<li>Satelliten-TV<\/li>\n<li>Slipper<\/li>\n<li>T\u00e4gliche Reinigung<\/li>\n<li>Vollst\u00e4ndig ausgestattete K\u00fcche<\/li>\n<li>Vollst\u00e4ndig klimatisierte mit Split-Klimaanlagen<\/li>\n<li>W-LAN Internetzugang mit vollst\u00e4ndiger Abdeckung<\/li>\n<\/ul>\n\n\t\t<style type=\"text\/css\">\n\t\t\t#gallery-1 {\n\t\t\t\tmargin: auto;\n\t\t\t}\n\t\t\t#gallery-1 .gallery-item {\n\t\t\t\tfloat: left;\n\t\t\t\tmargin-top: 10px;\n\t\t\t\ttext-align: center;\n\t\t\t\twidth: 33%;\n\t\t\t}\n\t\t\t#gallery-1 img {\n\t\t\t\tborder: 2px solid #cfcfcf;\n\t\t\t}\n\t\t\t#gallery-1 .gallery-caption {\n\t\t\t\tmargin-left: 0;\n\t\t\t}\n\t\t\t\/* see gallery_shortcode() in wp-includes\/media.php *\/\n\t\t<\/style>\n\t\t<div id='gallery-1' class='gallery galleryid-6252 gallery-columns-3 gallery-size-thumbnail'><dl class='gallery-item'>\n\t\t\t<dt class='gallery-icon landscape'>\n\t\t\t\t<a href='https:\/\/www.kedrosvillas.gr\/wp-content\/uploads\/2021\/03\/Family-Suite-sea-view-1.jpg' title=\"\" data-rl_title=\"\" class=\"rl-gallery-link\" data-rl_caption=\"\" data-rel=\"lightbox-gallery-1\"><img width=\"150\" height=\"150\" src=\"https:\/\/www.kedrosvillas.gr\/wp-content\/uploads\/2021\/03\/Family-Suite-sea-view-1-150x150.jpg\" class=\"attachment-thumbnail size-thumbnail\" alt=\"\" decoding=\"async\" loading=\"lazy\" \/><\/a>\n\t\t\t<\/dt><\/dl><dl class='gallery-item'>\n\t\t\t<dt class='gallery-icon portrait'>\n\t\t\t\t<a href='https:\/\/www.kedrosvillas.gr\/wp-content\/uploads\/2014\/01\/ONE-BEDROOM-SUITE7.jpg' title=\"\" data-rl_title=\"\" class=\"rl-gallery-link\" data-rl_caption=\"\" data-rel=\"lightbox-gallery-1\"><img width=\"150\" height=\"150\" src=\"https:\/\/www.kedrosvillas.gr\/wp-content\/uploads\/2014\/01\/ONE-BEDROOM-SUITE7-150x150.jpg\" class=\"attachment-thumbnail size-thumbnail\" alt=\"\" decoding=\"async\" loading=\"lazy\" \/><\/a>\n\t\t\t<\/dt><\/dl><dl class='gallery-item'>\n\t\t\t<dt class='gallery-icon portrait'>\n\t\t\t\t<a href='https:\/\/www.kedrosvillas.gr\/wp-content\/uploads\/2021\/03\/Family-Suite-sea-view-3.jpg' title=\"\" data-rl_title=\"\" class=\"rl-gallery-link\" data-rl_caption=\"\" data-rel=\"lightbox-gallery-1\"><img width=\"150\" height=\"150\" src=\"https:\/\/www.kedrosvillas.gr\/wp-content\/uploads\/2021\/03\/Family-Suite-sea-view-3-150x150.jpg\" class=\"attachment-thumbnail size-thumbnail\" alt=\"\" decoding=\"async\" loading=\"lazy\" \/><\/a>\n\t\t\t<\/dt><\/dl><br style=\"clear: both\" \/><dl class='gallery-item'>\n\t\t\t<dt class='gallery-icon portrait'>\n\t\t\t\t<a href='https:\/\/www.kedrosvillas.gr\/wp-content\/uploads\/2014\/01\/ONE-BEDROOM-SUITE8.jpg' title=\"\" data-rl_title=\"\" class=\"rl-gallery-link\" data-rl_caption=\"\" data-rel=\"lightbox-gallery-1\"><img width=\"150\" height=\"150\" src=\"https:\/\/www.kedrosvillas.gr\/wp-content\/uploads\/2014\/01\/ONE-BEDROOM-SUITE8-150x150.jpg\" class=\"attachment-thumbnail size-thumbnail\" alt=\"\" decoding=\"async\" loading=\"lazy\" \/><\/a>\n\t\t\t<\/dt><\/dl><dl class='gallery-item'>\n\t\t\t<dt class='gallery-icon portrait'>\n\t\t\t\t<a href='https:\/\/www.kedrosvillas.gr\/wp-content\/uploads\/2021\/03\/Family-Suite-sea-view-6.jpg' title=\"\" data-rl_title=\"\" class=\"rl-gallery-link\" data-rl_caption=\"\" data-rel=\"lightbox-gallery-1\"><img width=\"150\" height=\"150\" src=\"https:\/\/www.kedrosvillas.gr\/wp-content\/uploads\/2021\/03\/Family-Suite-sea-view-6-150x150.jpg\" class=\"attachment-thumbnail size-thumbnail\" alt=\"\" decoding=\"async\" loading=\"lazy\" \/><\/a>\n\t\t\t<\/dt><\/dl><dl class='gallery-item'>\n\t\t\t<dt class='gallery-icon portrait'>\n\t\t\t\t<a href='https:\/\/www.kedrosvillas.gr\/wp-content\/uploads\/2021\/03\/Family-Suite-sea-view-7.jpg' title=\"\" data-rl_title=\"\" class=\"rl-gallery-link\" data-rl_caption=\"\" data-rel=\"lightbox-gallery-1\"><img width=\"150\" height=\"150\" src=\"https:\/\/www.kedrosvillas.gr\/wp-content\/uploads\/2021\/03\/Family-Suite-sea-view-7-150x150.jpg\" class=\"attachment-thumbnail size-thumbnail\" alt=\"\" decoding=\"async\" loading=\"lazy\" \/><\/a>\n\t\t\t<\/dt><\/dl><br style=\"clear: both\" \/><dl class='gallery-item'>\n\t\t\t<dt class='gallery-icon portrait'>\n\t\t\t\t<a href='https:\/\/www.kedrosvillas.gr\/wp-content\/uploads\/2014\/01\/ONE-BEDROOM-SUITE9.jpg' title=\"\" data-rl_title=\"\" class=\"rl-gallery-link\" data-rl_caption=\"\" data-rel=\"lightbox-gallery-1\"><img width=\"150\" height=\"150\" src=\"https:\/\/www.kedrosvillas.gr\/wp-content\/uploads\/2014\/01\/ONE-BEDROOM-SUITE9-150x150.jpg\" class=\"attachment-thumbnail size-thumbnail\" alt=\"\" decoding=\"async\" loading=\"lazy\" \/><\/a>\n\t\t\t<\/dt><\/dl>\n\t\t\t<br style='clear: both' \/>\n\t\t<\/div>\n\n<div class=\"wp-superlike wp-superlike-align-after wp-superlike-small  \" data-id=\"6252\">\r\n\t\t\t\t\t\t\t\t<div class=\"wp-superlike-button\"><i><\/i><span>Like!<\/span><\/div>\r\n\t\t\t\t\t\t\t\t<div class=\"wp-superlike-bubble\">\r\n\t\t\t\t\t\t\t\t\t<span class=\"wp-superlike-arrow\"><\/span>\r\n\t\t\t\t\t\t\t\t\t<span class=\"wp-superlike-count\">3<\/span>\r\n\t\t\t\t\t\t\t\t<\/div><\/div><div class=\"wp-superlike-clearfix\"><\/div>","protected":false},"excerpt":{"rendered":"<p>ALLE ZIMMERTYPEN ANZEIGEN Freistehendes Haus auf den ersten Stock mit weitem Blick. Es besteht aus einem Wohn-\/K\u00fcchenbereich, einem Schlafzimmer mit Doppelbett, einem Zweibettzimmer und einem Badezimmer mit Jacuzzi. N\u00f6rdlich f\u00fchrt sie zu einem gro\u00dfen Terrasse mit Blick aufs Meer und s\u00fcdlich zu&#46;&#46;&#46; <a href=\"https:\/\/www.kedrosvillas.gr\/de\/familien-apartment-naxos-griechenland\/\" class=\"more\">(more)<\/a><\/p>\n","protected":false},"author":2,"featured_media":0,"parent":0,"menu_order":65,"comment_status":"closed","ping_status":"closed","template":"","meta":{"_links_to":"","_links_to_type":0},"_links":{"self":[{"href":"https:\/\/www.kedrosvillas.gr\/de\/wp-json\/wp\/v2\/pages\/6252"}],"collection":[{"href":"https:\/\/www.kedrosvillas.gr\/de\/wp-json\/wp\/v2\/pages"}],"about":[{"href":"https:\/\/www.kedrosvillas.gr\/de\/wp-json\/wp\/v2\/types\/page"}],"author":[{"embeddable":true,"href":"https:\/\/www.kedrosvillas.gr\/de\/wp-json\/wp\/v2\/users\/2"}],"replies":[{"embeddable":true,"href":"https:\/\/www.kedrosvillas.gr\/de\/wp-json\/wp\/v2\/comments?post=6252"}],"version-history":[{"count":28,"href":"https:\/\/www.kedrosvillas.gr\/de\/wp-json\/wp\/v2\/pages\/6252\/revisions"}],"predecessor-version":[{"id":13588,"href":"https:\/\/www.kedrosvillas.gr\/de\/wp-json\/wp\/v2\/pages\/6252\/revisions\/13588"}],"wp:attachment":[{"href":"https:\/\/www.kedrosvillas.gr\/de\/wp-json\/wp\/v2\/media?parent=6252"}],"curies":[{"name":"wp","href":"https:\/\/api.w.org\/{rel}","templated":true}]}}